{"id":3080,"date":"2025-07-15T15:50:15","date_gmt":"2025-07-15T15:50:15","guid":{"rendered":"https:\/\/bond-life.com\/?page_id=3080"},"modified":"2025-07-21T10:48:04","modified_gmt":"2025-07-21T10:48:04","slug":"aqua-experience-pools","status":"publish","type":"page","link":"https:\/\/bond-life.com\/en\/aqua-experience-pools\/","title":{"rendered":"Aqua Experience Pools &#8211; Die Poolserie von BOND"},"content":{"rendered":"\t\t<div data-elementor-type=\"wp-page\" data-elementor-id=\"3080\" class=\"elementor elementor-3080\" data-elementor-post-type=\"page\">\n\t\t\t\t<div class=\"elementor-element elementor-element-307cabd elementor-hidden-mobile e-flex e-con-boxed e-con e-parent\" data-id=\"307cabd\" data-element_type=\"container\" data-e-type=\"container\" data-settings=\"{&quot;background_background&quot;:&quot;classic&quot;}\">\n\t\t\t\t\t<div class=\"e-con-inner\">\n\t\t\t\t<div class=\"elementor-element elementor-element-6457345 elementor-widget elementor-widget-text-editor\" data-id=\"6457345\" data-element_type=\"widget\" data-e-type=\"widget\" data-widget_type=\"text-editor.default\">\n\t\t\t\t<div class=\"elementor-widget-container\">\n\t\t\t\t\t\t\t\t\t<p><a href=\"https:\/\/bond-life.com\/\">BOND | Unique Homes \u00ae<\/a> \/\/\/ <a href=\"https:\/\/bond-life.com\/produktentwicklung\/\">Produktentwicklung<\/a> \/\/\/ BOND Aqua Experience<\/p>\t\t\t\t\t\t\t\t<\/div>\n\t\t\t\t<\/div>\n\t\t\t\t\t<\/div>\n\t\t\t\t<\/div>\n\t\t<div class=\"elementor-element elementor-element-0058dac e-flex e-con-boxed e-con e-parent\" data-id=\"0058dac\" data-element_type=\"container\" data-e-type=\"container\">\n\t\t\t\t\t<div class=\"e-con-inner\">\n\t\t<div class=\"elementor-element elementor-element-f1e89d1 e-con-full e-flex e-con e-child\" data-id=\"f1e89d1\" data-element_type=\"container\" data-e-type=\"container\">\n\t\t\t\t<div class=\"elementor-element elementor-element-1c328fa elementor-hidden-tablet elementor-hidden-mobile elementor-widget elementor-widget-image\" data-id=\"1c328fa\" data-element_type=\"widget\" data-e-type=\"widget\" data-widget_type=\"image.default\">\n\t\t\t\t<div class=\"elementor-widget-container\">\n\t\t\t\t\t\t\t\t\t\t\t\t\t\t\t\t<a href=\"https:\/\/bond-life.com\/wp-content\/uploads\/2025\/06\/bond-aqua-experience-5.jpg\" data-elementor-open-lightbox=\"yes\" data-e-action-hash=\"#elementor-action%3Aaction%3Dlightbox%26settings%3DeyJpZCI6MjczOCwidXJsIjoiaHR0cHM6XC9cL2JvbmQtbGlmZS5jb21cL3dwLWNvbnRlbnRcL3VwbG9hZHNcLzIwMjVcLzA2XC9ib25kLWFxdWEtZXhwZXJpZW5jZS01LmpwZyJ9\">\n\t\t\t\t\t\t\t<img fetchpriority=\"high\" decoding=\"async\" width=\"800\" height=\"542\" src=\"https:\/\/bond-life.com\/wp-content\/uploads\/2025\/06\/bond-aqua-experience-5.jpg\" class=\"attachment-large size-large wp-image-2738\" alt=\"AQUA Experience - Poolserie von BOND\" srcset=\"https:\/\/bond-life.com\/wp-content\/uploads\/2025\/06\/bond-aqua-experience-5.jpg 1520w, https:\/\/bond-life.com\/wp-content\/uploads\/2025\/06\/bond-aqua-experience-5-300x203.jpg 300w, https:\/\/bond-life.com\/wp-content\/uploads\/2025\/06\/bond-aqua-experience-5-768x520.jpg 768w, https:\/\/bond-life.com\/wp-content\/uploads\/2025\/06\/bond-aqua-experience-5-18x12.jpg 18w\" sizes=\"(max-width: 800px) 100vw, 800px\" title=\"\">\t\t\t\t\t\t\t\t<\/a>\n\t\t\t\t\t\t\t\t\t\t\t\t\t\t\t<\/div>\n\t\t\t\t<\/div>\n\t\t\t\t<div class=\"elementor-element elementor-element-7b9e864 elementor-widget elementor-widget-gallery\" data-id=\"7b9e864\" data-element_type=\"widget\" data-e-type=\"widget\" data-settings=\"{&quot;columns&quot;:2,&quot;columns_mobile&quot;:2,&quot;lazyload&quot;:&quot;yes&quot;,&quot;gallery_layout&quot;:&quot;grid&quot;,&quot;columns_tablet&quot;:2,&quot;gap&quot;:{&quot;unit&quot;:&quot;px&quot;,&quot;size&quot;:10,&quot;sizes&quot;:[]},&quot;gap_tablet&quot;:{&quot;unit&quot;:&quot;px&quot;,&quot;size&quot;:10,&quot;sizes&quot;:[]},&quot;gap_mobile&quot;:{&quot;unit&quot;:&quot;px&quot;,&quot;size&quot;:10,&quot;sizes&quot;:[]},&quot;link_to&quot;:&quot;file&quot;,&quot;aspect_ratio&quot;:&quot;3:2&quot;,&quot;overlay_background&quot;:&quot;yes&quot;,&quot;content_hover_animation&quot;:&quot;fade-in&quot;}\" data-widget_type=\"gallery.default\">\n\t\t\t\t<div class=\"elementor-widget-container\">\n\t\t\t\t\t\t\t<div class=\"elementor-gallery__container\">\n\t\t\t\t\t\t\t<a class=\"e-gallery-item elementor-gallery-item elementor-animated-content\" href=\"https:\/\/bond-life.com\/wp-content\/uploads\/2025\/06\/bond-aqua-experience-4.jpg\" data-elementor-open-lightbox=\"yes\" data-elementor-lightbox-slideshow=\"7b9e864\" data-e-action-hash=\"#elementor-action%3Aaction%3Dlightbox%26settings%3DeyJpZCI6MjcyNiwidXJsIjoiaHR0cHM6XC9cL2JvbmQtbGlmZS5jb21cL3dwLWNvbnRlbnRcL3VwbG9hZHNcLzIwMjVcLzA2XC9ib25kLWFxdWEtZXhwZXJpZW5jZS00LmpwZyIsInNsaWRlc2hvdyI6IjdiOWU4NjQifQ%3D%3D\">\n\t\t\t\t\t<div class=\"e-gallery-image elementor-gallery-item__image\" data-thumbnail=\"https:\/\/bond-life.com\/wp-content\/uploads\/2025\/06\/bond-aqua-experience-4-768x514.jpg\" data-width=\"768\" data-height=\"514\" aria-label=\"BOND Aqua Experience\" role=\"img\" ><\/div>\n\t\t\t\t\t\t\t\t\t\t\t<div class=\"elementor-gallery-item__overlay\"><\/div>\n\t\t\t\t\t\t\t\t\t\t\t\t\t\t<\/a>\n\t\t\t\t\t\t\t<a class=\"e-gallery-item elementor-gallery-item elementor-animated-content\" href=\"https:\/\/bond-life.com\/wp-content\/uploads\/2025\/06\/bond-aqua-experience-3.jpg\" data-elementor-open-lightbox=\"yes\" data-elementor-lightbox-slideshow=\"7b9e864\" data-e-action-hash=\"#elementor-action%3Aaction%3Dlightbox%26settings%3DeyJpZCI6MjcyNSwidXJsIjoiaHR0cHM6XC9cL2JvbmQtbGlmZS5jb21cL3dwLWNvbnRlbnRcL3VwbG9hZHNcLzIwMjVcLzA2XC9ib25kLWFxdWEtZXhwZXJpZW5jZS0zLmpwZyIsInNsaWRlc2hvdyI6IjdiOWU4NjQifQ%3D%3D\">\n\t\t\t\t\t<div class=\"e-gallery-image elementor-gallery-item__image\" data-thumbnail=\"https:\/\/bond-life.com\/wp-content\/uploads\/2025\/06\/bond-aqua-experience-3-768x514.jpg\" data-width=\"768\" data-height=\"514\" aria-label=\"BOND Aqua Experience\" role=\"img\" ><\/div>\n\t\t\t\t\t\t\t\t\t\t\t<div class=\"elementor-gallery-item__overlay\"><\/div>\n\t\t\t\t\t\t\t\t\t\t\t\t\t\t<\/a>\n\t\t\t\t\t\t\t<a class=\"e-gallery-item elementor-gallery-item elementor-animated-content\" href=\"https:\/\/bond-life.com\/wp-content\/uploads\/2025\/06\/bond-aqua-experience-2.jpg\" data-elementor-open-lightbox=\"yes\" data-elementor-lightbox-slideshow=\"7b9e864\" data-e-action-hash=\"#elementor-action%3Aaction%3Dlightbox%26settings%3DeyJpZCI6MjcyNCwidXJsIjoiaHR0cHM6XC9cL2JvbmQtbGlmZS5jb21cL3dwLWNvbnRlbnRcL3VwbG9hZHNcLzIwMjVcLzA2XC9ib25kLWFxdWEtZXhwZXJpZW5jZS0yLmpwZyIsInNsaWRlc2hvdyI6IjdiOWU4NjQifQ%3D%3D\">\n\t\t\t\t\t<div class=\"e-gallery-image elementor-gallery-item__image\" data-thumbnail=\"https:\/\/bond-life.com\/wp-content\/uploads\/2025\/06\/bond-aqua-experience-2-768x514.jpg\" data-width=\"768\" data-height=\"514\" aria-label=\"BOND Aqua Experience\" role=\"img\" ><\/div>\n\t\t\t\t\t\t\t\t\t\t\t<div class=\"elementor-gallery-item__overlay\"><\/div>\n\t\t\t\t\t\t\t\t\t\t\t\t\t\t<\/a>\n\t\t\t\t\t\t\t<a class=\"e-gallery-item elementor-gallery-item elementor-animated-content\" href=\"https:\/\/bond-life.com\/wp-content\/uploads\/2025\/07\/pool-aqua-experience-lichtshow-wassershow.jpg\" data-elementor-open-lightbox=\"yes\" data-elementor-lightbox-slideshow=\"7b9e864\" data-e-action-hash=\"#elementor-action%3Aaction%3Dlightbox%26settings%3DeyJpZCI6MzA4OCwidXJsIjoiaHR0cHM6XC9cL2JvbmQtbGlmZS5jb21cL3dwLWNvbnRlbnRcL3VwbG9hZHNcLzIwMjVcLzA3XC9wb29sLWFxdWEtZXhwZXJpZW5jZS1saWNodHNob3ctd2Fzc2Vyc2hvdy5qcGciLCJzbGlkZXNob3ciOiI3YjllODY0In0%3D\">\n\t\t\t\t\t<div class=\"e-gallery-image elementor-gallery-item__image\" data-thumbnail=\"https:\/\/bond-life.com\/wp-content\/uploads\/2025\/07\/pool-aqua-experience-lichtshow-wassershow-768x512.jpg\" data-width=\"768\" data-height=\"512\" aria-label=\"Aqua Experience Poolserie mit Licht- und Wassershow\" role=\"img\" ><\/div>\n\t\t\t\t\t\t\t\t\t\t\t<div class=\"elementor-gallery-item__overlay\"><\/div>\n\t\t\t\t\t\t\t\t\t\t\t\t\t\t<\/a>\n\t\t\t\t\t<\/div>\n\t\t\t\t\t<\/div>\n\t\t\t\t<\/div>\n\t\t\t\t<\/div>\n\t\t<div class=\"elementor-element elementor-element-2a5625b e-con-full e-flex e-con e-child\" data-id=\"2a5625b\" data-element_type=\"container\" data-e-type=\"container\">\n\t\t<div class=\"elementor-element elementor-element-b2b4d96 e-con-full e-flex e-con e-child\" data-id=\"b2b4d96\" data-element_type=\"container\" data-e-type=\"container\">\n\t\t\t\t<div class=\"elementor-element elementor-element-5af4359 elementor-widget elementor-widget-heading\" data-id=\"5af4359\" data-element_type=\"widget\" data-e-type=\"widget\" data-widget_type=\"heading.default\">\n\t\t\t\t<div class=\"elementor-widget-container\">\n\t\t\t\t\t<h1 class=\"elementor-heading-title elementor-size-default\">BOND Aqua Experience<\/h1>\t\t\t\t<\/div>\n\t\t\t\t<\/div>\n\t\t\t\t<div class=\"elementor-element elementor-element-ac728d7 elementor-widget elementor-widget-heading\" data-id=\"ac728d7\" data-element_type=\"widget\" data-e-type=\"widget\" data-widget_type=\"heading.default\">\n\t\t\t\t<div class=\"elementor-widget-container\">\n\t\t\t\t\t<h2 class=\"elementor-heading-title elementor-size-default\">Mehr als ein Pool \u2013 ein Erlebnis f\u00fcr alle Sinne<\/h2>\t\t\t\t<\/div>\n\t\t\t\t<\/div>\n\t\t\t\t<div class=\"elementor-element elementor-element-707d659 elementor-hidden-desktop elementor-widget elementor-widget-image\" data-id=\"707d659\" data-element_type=\"widget\" data-e-type=\"widget\" data-widget_type=\"image.default\">\n\t\t\t\t<div class=\"elementor-widget-container\">\n\t\t\t\t\t\t\t\t\t\t\t\t\t\t\t\t<a href=\"https:\/\/bond-life.com\/wp-content\/uploads\/2025\/06\/bond-aqua-experience-5.jpg\" data-elementor-open-lightbox=\"yes\" data-e-action-hash=\"#elementor-action%3Aaction%3Dlightbox%26settings%3DeyJpZCI6MjczOCwidXJsIjoiaHR0cHM6XC9cL2JvbmQtbGlmZS5jb21cL3dwLWNvbnRlbnRcL3VwbG9hZHNcLzIwMjVcLzA2XC9ib25kLWFxdWEtZXhwZXJpZW5jZS01LmpwZyJ9\">\n\t\t\t\t\t\t\t<img fetchpriority=\"high\" decoding=\"async\" width=\"800\" height=\"542\" src=\"https:\/\/bond-life.com\/wp-content\/uploads\/2025\/06\/bond-aqua-experience-5.jpg\" class=\"attachment-large size-large wp-image-2738\" alt=\"AQUA Experience - Poolserie von BOND\" srcset=\"https:\/\/bond-life.com\/wp-content\/uploads\/2025\/06\/bond-aqua-experience-5.jpg 1520w, https:\/\/bond-life.com\/wp-content\/uploads\/2025\/06\/bond-aqua-experience-5-300x203.jpg 300w, https:\/\/bond-life.com\/wp-content\/uploads\/2025\/06\/bond-aqua-experience-5-768x520.jpg 768w, https:\/\/bond-life.com\/wp-content\/uploads\/2025\/06\/bond-aqua-experience-5-18x12.jpg 18w\" sizes=\"(max-width: 800px) 100vw, 800px\" title=\"\">\t\t\t\t\t\t\t\t<\/a>\n\t\t\t\t\t\t\t\t\t\t\t\t\t\t\t<\/div>\n\t\t\t\t<\/div>\n\t\t\t\t<div class=\"elementor-element elementor-element-25cc766 elementor-widget elementor-widget-heading\" data-id=\"25cc766\" data-element_type=\"widget\" data-e-type=\"widget\" data-widget_type=\"heading.default\">\n\t\t\t\t<div class=\"elementor-widget-container\">\n\t\t\t\t\t<h3 class=\"elementor-heading-title elementor-size-default\">Die BOND Aqua Experience hebt Ihren Pool auf ein neues Level. Hier wird Wasser zur B\u00fchne f\u00fcr Licht, Klang und Bewegung \u2013 orchestriert von intelligenter Technik, die mitdenkt und sich flexibel Ihren W\u00fcnschen anpasst.<br><br>\nEinzigartiges Lichtkonzept:<br>Innovative LED-Beleuchtung inszeniert das gesamte Poolareal in stimmungsvollen Farben und dynamischen Lichtszenen. Eindrucksvolle, beleuchtete Wasserspiele setzen flie\u00dfende Akzente und schaffen regelrechte Wassershows, die Sie je nach Stimmung inszenieren k\u00f6nnen. Selbst wenn nicht gebadet wird, bleibt der Pool ein faszinierender Blickfang \u2013 \u00e4sthetisch, inspirierend und lebendig.<br><br>\nUmwerfendes Sounderlebnis:<br>Unterwasserlautsprecher schaffen eine beeindruckende Klangwelt. Musik und Sounds begleiten Sie beim Schwimmen oder Floaten und schaffen ein beeindruckendes Gesamterlebnis.<br><br>\nIntelligente Steuerung:<br>Ob Licht, Wasser-Features oder Sound: Steuern Sie Ihre Pool-Experience ganz einfach per Sprachbefehl oder per SmartHome Integration. \u00c4ndern Sie die Atmosph\u00e4re, stimmen Sie Effekte auf Anl\u00e4sse ab oder lassen Sie sich mit automatisierten Programmen \u00fcberraschen.<br><br>Facettenreiche Erlebniswelt:<br>Die BOND Aqua Experience ist nicht nur Wellness und Entspannung, sondern auch Entertainment und ein smartes Home-Upgrade in einem. Ein Pool, der zum sozialen Treffpunkt, zur pers\u00f6nlichen Ruheoase und spektakul\u00e4ren Showb\u00fchne zugleich wird.<br><br>Ihr Pool. Ihr Erlebnis. Jeden Tag neu.<\/h3>\t\t\t\t<\/div>\n\t\t\t\t<\/div>\n\t\t\t\t<div class=\"elementor-element elementor-element-695bdef e-n-tabs-mobile elementor-widget elementor-widget-n-tabs\" data-id=\"695bdef\" data-element_type=\"widget\" data-e-type=\"widget\" data-settings=\"{&quot;tabs_justify_horizontal&quot;:&quot;stretch&quot;,&quot;horizontal_scroll&quot;:&quot;disable&quot;}\" data-widget_type=\"nested-tabs.default\">\n\t\t\t\t<div class=\"elementor-widget-container\">\n\t\t\t\t\t\t\t<div class=\"e-n-tabs\" data-widget-number=\"110476783\" aria-label=\"Tabs. Open items with Enter or Space, close with Escape and navigate using the Arrow keys.\">\n\t\t\t<div class=\"e-n-tabs-heading\" role=\"tablist\">\n\t\t\t\t\t<button id=\"e-n-tab-title-1104767831\" data-tab-title-id=\"e-n-tab-title-1104767831\" class=\"e-n-tab-title\" aria-selected=\"true\" data-tab-index=\"1\" role=\"tab\" tabindex=\"0\" aria-controls=\"e-n-tab-content-1104767831\" style=\"--n-tabs-title-order: 1;\">\n\t\t\t\t\t\t<span class=\"e-n-tab-title-text\">\n\t\t\t\tMaterialien\t\t\t<\/span>\n\t\t<\/button>\n\t\t\t\t<button id=\"e-n-tab-title-1104767832\" data-tab-title-id=\"e-n-tab-title-1104767832\" class=\"e-n-tab-title\" aria-selected=\"false\" data-tab-index=\"2\" role=\"tab\" tabindex=\"-1\" aria-controls=\"e-n-tab-content-1104767832\" style=\"--n-tabs-title-order: 2;\">\n\t\t\t\t\t\t<span class=\"e-n-tab-title-text\">\n\t\t\t\tMa\u00dfen\t\t\t<\/span>\n\t\t<\/button>\n\t\t\t\t\t<\/div>\n\t\t\t<div class=\"e-n-tabs-content\">\n\t\t\t\t<div id=\"e-n-tab-content-1104767831\" role=\"tabpanel\" aria-labelledby=\"e-n-tab-title-1104767831\" data-tab-index=\"1\" style=\"--n-tabs-title-order: 1;\" class=\"e-active elementor-element elementor-element-9575afb e-con-full e-flex e-con e-child\" data-id=\"9575afb\" data-element_type=\"container\" data-e-type=\"container\">\n\t\t\t\t<div class=\"elementor-element elementor-element-efc4582 elementor-widget elementor-widget-text-editor\" data-id=\"efc4582\" data-element_type=\"widget\" data-e-type=\"widget\" data-widget_type=\"text-editor.default\">\n\t\t\t\t<div class=\"elementor-widget-container\">\n\t\t\t\t\t\t\t\t\t<ul>\n<li>Ausf\u00fchrung idealerweise in Polypropylen (angenehme Haptik, leichte Reinigung, UV-best\u00e4ndig, frostresistent, gegen\u00fcber Chemikalien unempfindlich uvm.)<\/li>\n<li>alternativ in GFK (Glasfaserverst\u00e4rkter Kunststoff \/ Polyester) oder Edelstahl\u00a0<\/li>\n<\/ul>\t\t\t\t\t\t\t\t<\/div>\n\t\t\t\t<\/div>\n\t\t\t\t<\/div>\n\t\t<div id=\"e-n-tab-content-1104767832\" role=\"tabpanel\" aria-labelledby=\"e-n-tab-title-1104767832\" data-tab-index=\"2\" style=\"--n-tabs-title-order: 2;\" class=\" elementor-element elementor-element-77718a1 e-con-full e-flex e-con e-child\" data-id=\"77718a1\" data-element_type=\"container\" data-e-type=\"container\">\n\t\t\t\t<div class=\"elementor-element elementor-element-b22da65 elementor-widget elementor-widget-text-editor\" data-id=\"b22da65\" data-element_type=\"widget\" data-e-type=\"widget\" data-widget_type=\"text-editor.default\">\n\t\t\t\t<div class=\"elementor-widget-container\">\n\t\t\t\t\t\t\t\t\t<ul>\n<li>jedes Ma\u00df ist m\u00f6glich<\/li>\n<li>jede Form ist m\u00f6glich &#8211; inklusive Sitz und Liegefl\u00e4chen\u00a0<\/li>\n<\/ul>\t\t\t\t\t\t\t\t<\/div>\n\t\t\t\t<\/div>\n\t\t\t\t<\/div>\n\t\t\t\t\t<\/div>\n\t\t<\/div>\n\t\t\t\t\t\t<\/div>\n\t\t\t\t<\/div>\n\t\t\t\t<div class=\"elementor-element elementor-element-a2c001d elementor-widget elementor-widget-text-editor\" data-id=\"a2c001d\" data-element_type=\"widget\" data-e-type=\"widget\" data-widget_type=\"text-editor.default\">\n\t\t\t\t<div class=\"elementor-widget-container\">\n\t\t\t\t\t\t\t\t\t<p>Jede BOND Aqua Experience wird individuell nach Ihren Vorstellungen geplant und realisiert. Von der ersten Idee bis zur Umsetzung stimmen wir Design, Technik und Funktionen exakt auf Ihre W\u00fcnsche und die Begebenheiten vor Ort ab.<\/p><p>Es ist auch m\u00f6glich bestehende Pools mit der innovativen Licht- und Soundtechnologie sowie Wasserfont\u00e4nen aufzuwerten. Ob Neubau oder Umbau: Unsere ma\u00dfgeschneiderten L\u00f6sungen schaffen au\u00dfergew\u00f6hnliche Poollandschaften, die entspannen, beeindrucken und den Alltag vergessen lassen.<\/p><p><strong>Preis auf Anfrage<\/strong><\/p>\t\t\t\t\t\t\t\t<\/div>\n\t\t\t\t<\/div>\n\t\t\t\t<\/div>\n\t\t\t\t<\/div>\n\t\t\t\t\t<\/div>\n\t\t\t\t<\/div>\n\t\t<div class=\"elementor-element elementor-element-78cc372 e-flex e-con-boxed e-con e-parent\" data-id=\"78cc372\" data-element_type=\"container\" data-e-type=\"container\" data-settings=\"{&quot;background_background&quot;:&quot;gradient&quot;}\">\n\t\t\t\t\t<div class=\"e-con-inner\">\n\t\t<div class=\"elementor-element elementor-element-6768ce4 e-con-full e-flex e-con e-child\" data-id=\"6768ce4\" data-element_type=\"container\" data-e-type=\"container\">\n\t\t\t\t<div class=\"elementor-element elementor-element-c040bbb elementor-widget elementor-widget-heading\" data-id=\"c040bbb\" data-element_type=\"widget\" data-e-type=\"widget\" data-widget_type=\"heading.default\">\n\t\t\t\t<div class=\"elementor-widget-container\">\n\t\t\t\t\t<h2 class=\"elementor-heading-title elementor-size-default\">Let\u00b4s make it unique!<\/h2>\t\t\t\t<\/div>\n\t\t\t\t<\/div>\n\t\t\t\t<\/div>\n\t\t<div class=\"elementor-element elementor-element-4874b1d e-con-full e-flex e-con e-child\" data-id=\"4874b1d\" data-element_type=\"container\" data-e-type=\"container\">\n\t\t\t\t<div class=\"elementor-element elementor-element-c444189 elementor-widget elementor-widget-heading\" data-id=\"c444189\" data-element_type=\"widget\" data-e-type=\"widget\" data-widget_type=\"heading.default\">\n\t\t\t\t<div class=\"elementor-widget-container\">\n\t\t\t\t\t<h3 class=\"elementor-heading-title elementor-size-default\">Lassen Sie sich pers\u00f6nlich zu Ihrer AQUA EXPERIENCE beraten.<\/h3>\t\t\t\t<\/div>\n\t\t\t\t<\/div>\n\t\t<div class=\"elementor-element elementor-element-eeee76c e-grid e-con-full e-con e-child\" data-id=\"eeee76c\" data-element_type=\"container\" data-e-type=\"container\">\n\t\t\t\t<div class=\"elementor-element elementor-element-09fbb64 elementor-widget elementor-widget-text-editor\" data-id=\"09fbb64\" data-element_type=\"widget\" data-e-type=\"widget\" data-widget_type=\"text-editor.default\">\n\t\t\t\t<div class=\"elementor-widget-container\">\n\t\t\t\t\t\t\t\t\t<p><i class=\"fas fa-phone-alt\"><\/i> +49 211 98948012<\/p>\t\t\t\t\t\t\t\t<\/div>\n\t\t\t\t<\/div>\n\t\t\t\t<div class=\"elementor-element elementor-element-1e6653f elementor-widget elementor-widget-text-editor\" data-id=\"1e6653f\" data-element_type=\"widget\" data-e-type=\"widget\" data-widget_type=\"text-editor.default\">\n\t\t\t\t<div class=\"elementor-widget-container\">\n\t\t\t\t\t\t\t\t\t<p><i class=\"fas fa-envelope\"><\/i> info@bond-life.com<\/p>\t\t\t\t\t\t\t\t<\/div>\n\t\t\t\t<\/div>\n\t\t\t\t<\/div>\n\t\t\t\t<\/div>\n\t\t<div class=\"elementor-element elementor-element-756bd6c e-con-full e-flex e-con e-child\" data-id=\"756bd6c\" data-element_type=\"container\" data-e-type=\"container\">\n\t\t<div class=\"elementor-element elementor-element-e0f9f91 e-con-full e-flex e-con e-child\" data-id=\"e0f9f91\" data-element_type=\"container\" data-e-type=\"container\" data-settings=\"{&quot;background_background&quot;:&quot;gradient&quot;}\">\n\t\t\t\t<div class=\"elementor-element elementor-element-75bae3c elementor-widget elementor-widget-heading\" data-id=\"75bae3c\" data-element_type=\"widget\" data-e-type=\"widget\" data-widget_type=\"heading.default\">\n\t\t\t\t<div class=\"elementor-widget-container\">\n\t\t\t\t\t<h3 class=\"elementor-heading-title elementor-size-default\">Beratung gew\u00fcnscht?<\/h3>\t\t\t\t<\/div>\n\t\t\t\t<\/div>\n\t\t\t\t<div class=\"elementor-element elementor-element-5f07d99 elementor-button-align-stretch elementor-widget elementor-widget-form\" data-id=\"5f07d99\" data-element_type=\"widget\" data-e-type=\"widget\" data-settings=\"{&quot;step_next_label&quot;:&quot;Next&quot;,&quot;step_previous_label&quot;:&quot;Previous&quot;,&quot;button_width&quot;:&quot;100&quot;,&quot;step_type&quot;:&quot;number_text&quot;,&quot;step_icon_shape&quot;:&quot;circle&quot;}\" data-widget_type=\"form.default\">\n\t\t\t\t<div class=\"elementor-widget-container\">\n\t\t\t\t\t\t\t<form class=\"elementor-form\" method=\"post\" name=\"New Form\" aria-label=\"New Form\">\n\t\t\t<input type=\"hidden\" name=\"post_id\" value=\"3080\"\/>\n\t\t\t<input type=\"hidden\" name=\"form_id\" value=\"5f07d99\"\/>\n\t\t\t<input type=\"hidden\" name=\"referer_title\" value=\"\" \/>\n\n\t\t\t\n\t\t\t<div class=\"elementor-form-fields-wrapper elementor-labels-above\">\n\t\t\t\t\t\t\t\t<div class=\"elementor-field-type-text elementor-field-group elementor-column elementor-field-group-name elementor-col-100 elementor-field-required elementor-mark-required\">\n\t\t\t\t\t\t\t\t\t\t\t\t\t<input size=\"1\" type=\"text\" name=\"form_fields[name]\" id=\"form-field-name\" class=\"elementor-field elementor-size-xs  elementor-field-textual\" placeholder=\"Name\" required=\"required\">\n\t\t\t\t\t\t\t\t\t\t\t<\/div>\n\t\t\t\t\t\t\t\t<div class=\"elementor-field-type-email elementor-field-group elementor-column elementor-field-group-email elementor-col-100 elementor-field-required elementor-mark-required\">\n\t\t\t\t\t\t\t\t\t\t\t\t\t<input size=\"1\" type=\"email\" name=\"form_fields[email]\" id=\"form-field-email\" class=\"elementor-field elementor-size-xs  elementor-field-textual\" placeholder=\"E-Mail\" required=\"required\">\n\t\t\t\t\t\t\t\t\t\t\t<\/div>\n\t\t\t\t\t\t\t\t<div class=\"elementor-field-type-textarea elementor-field-group elementor-column elementor-field-group-message elementor-col-100\">\n\t\t\t\t\t<textarea class=\"elementor-field-textual elementor-field  elementor-size-xs\" name=\"form_fields[message]\" id=\"form-field-message\" rows=\"3\" placeholder=\"Nachricht\"><\/textarea>\t\t\t\t<\/div>\n\t\t\t\t\t\t\t\t<div class=\"elementor-field-group elementor-column elementor-field-type-submit elementor-col-100 e-form__buttons\">\n\t\t\t\t\t<button class=\"elementor-button elementor-size-md\" type=\"submit\">\n\t\t\t\t\t\t<span class=\"elementor-button-content-wrapper\">\n\t\t\t\t\t\t\t\t\t\t\t\t\t\t\t\t\t\t\t\t\t\t<span class=\"elementor-button-text\">Absenden<\/span>\n\t\t\t\t\t\t\t\t\t\t\t\t\t<\/span>\n\t\t\t\t\t<\/button>\n\t\t\t\t<\/div>\n\t\t\t<\/div>\n\t\t<\/form>\n\t\t\t\t\t\t<\/div>\n\t\t\t\t<\/div>\n\t\t\t\t<\/div>\n\t\t\t\t<\/div>\n\t\t\t\t\t<\/div>\n\t\t\t\t<\/div>\n\t\t\t\t<section class=\"elementor-section elementor-top-section elementor-element elementor-element-e5a4f02 elementor-section-full_width elementor-section-height-default elementor-section-height-default\" data-id=\"e5a4f02\" data-element_type=\"section\" data-e-type=\"section\">\n\t\t\t\t\t\t<div class=\"elementor-container elementor-column-gap-default\">\n\t\t\t\t\t<div class=\"elementor-column elementor-col-100 elementor-top-column elementor-element elementor-element-94a43ee\" data-id=\"94a43ee\" data-element_type=\"column\" data-e-type=\"column\">\n\t\t\t<div class=\"elementor-widget-wrap elementor-element-populated\">\n\t\t\t\t\t\t<div class=\"elementor-element elementor-element-34f7308 elementor-widget-divider--view-line_icon elementor-view-default elementor-widget-divider--element-align-center elementor-widget elementor-widget-divider\" data-id=\"34f7308\" data-element_type=\"widget\" data-e-type=\"widget\" data-widget_type=\"divider.default\">\n\t\t\t\t<div class=\"elementor-widget-container\">\n\t\t\t\t\t\t\t<div class=\"elementor-divider\">\n\t\t\t<span class=\"elementor-divider-separator\">\n\t\t\t\t\t\t\t<div class=\"elementor-icon elementor-divider__element\">\n\t\t\t\t\t<svg xmlns=\"http:\/\/www.w3.org\/2000\/svg\" id=\"Ebene_1\" viewBox=\"0 0 877.16 731.67\"><path d=\"M438.72,329.28L0,0,.11,731.34,438.94,402.39l438.22,329.28V.28L438.72,329.28ZM58.73,615.74l.17-500.04,332.26,250.35L58.73,615.74Zm761.04-.17l-332.83-249.69L820.02,115.62l-.25,499.95Z\"><\/path><\/svg><\/div>\n\t\t\t\t\t\t<\/span>\n\t\t<\/div>\n\t\t\t\t\t\t<\/div>\n\t\t\t\t<\/div>\n\t\t\t\t\t<\/div>\n\t\t<\/div>\n\t\t\t\t\t<\/div>\n\t\t<\/section>\n\t\t\t\t<\/div>\n\t\t","protected":false},"excerpt":{"rendered":"<p>BOND | Unique Homes \u00ae \/\/\/ Produktentwicklung \/\/\/ BOND Aqua Experience BOND Aqua Experience Mehr als ein Pool \u2013 ein Erlebnis f\u00fcr alle Sinne Die BOND Aqua Experience hebt Ihren Pool auf ein neues Level. Hier wird Wasser zur B\u00fchne f\u00fcr Licht, Klang und Bewegung \u2013 orchestriert von intelligenter Technik, die mitdenkt und sich flexibel [&hellip;]<\/p>\n","protected":false},"author":1,"featured_media":0,"parent":0,"menu_order":0,"comment_status":"closed","ping_status":"closed","template":"elementor_header_footer","meta":{"footnotes":""},"class_list":["post-3080","page","type-page","status-publish","hentry"],"_links":{"self":[{"href":"https:\/\/bond-life.com\/en\/wp-json\/wp\/v2\/pages\/3080","targetHints":{"allow":["GET"]}}],"collection":[{"href":"https:\/\/bond-life.com\/en\/wp-json\/wp\/v2\/pages"}],"about":[{"href":"https:\/\/bond-life.com\/en\/wp-json\/wp\/v2\/types\/page"}],"author":[{"embeddable":true,"href":"https:\/\/bond-life.com\/en\/wp-json\/wp\/v2\/users\/1"}],"replies":[{"embeddable":true,"href":"https:\/\/bond-life.com\/en\/wp-json\/wp\/v2\/comments?post=3080"}],"version-history":[{"count":31,"href":"https:\/\/bond-life.com\/en\/wp-json\/wp\/v2\/pages\/3080\/revisions"}],"predecessor-version":[{"id":3575,"href":"https:\/\/bond-life.com\/en\/wp-json\/wp\/v2\/pages\/3080\/revisions\/3575"}],"wp:attachment":[{"href":"https:\/\/bond-life.com\/en\/wp-json\/wp\/v2\/media?parent=3080"}],"curies":[{"name":"wp","href":"https:\/\/api.w.org\/{rel}","templated":true}]}}