{"id":3064,"date":"2025-07-15T11:37:02","date_gmt":"2025-07-15T11:37:02","guid":{"rendered":"https:\/\/bond-life.com\/?page_id=3064"},"modified":"2025-07-21T10:49:33","modified_gmt":"2025-07-21T10:49:33","slug":"unique-touch-teppich","status":"publish","type":"page","link":"https:\/\/bond-life.com\/en\/unique-touch-teppich\/","title":{"rendered":"UNIQUE Touch Teppich \u2013 Ihr Fingerabdruck als Design"},"content":{"rendered":"\t\t<div data-elementor-type=\"wp-page\" data-elementor-id=\"3064\" class=\"elementor elementor-3064\" data-elementor-post-type=\"page\">\n\t\t\t\t<div class=\"elementor-element elementor-element-307cabd elementor-hidden-mobile e-flex e-con-boxed e-con e-parent\" data-id=\"307cabd\" data-element_type=\"container\" data-e-type=\"container\" data-settings=\"{&quot;background_background&quot;:&quot;classic&quot;}\">\n\t\t\t\t\t<div class=\"e-con-inner\">\n\t\t\t\t<div class=\"elementor-element elementor-element-6457345 elementor-widget elementor-widget-text-editor\" data-id=\"6457345\" data-element_type=\"widget\" data-e-type=\"widget\" data-widget_type=\"text-editor.default\">\n\t\t\t\t<div class=\"elementor-widget-container\">\n\t\t\t\t\t\t\t\t\t<p><a href=\"https:\/\/bond-life.com\/\">BOND | Unique Homes \u00ae<\/a> \/\/\/ <a href=\"https:\/\/bond-life.com\/produktentwicklung\/\">Produktentwicklung<\/a> \/\/\/ UNIQUE TOUCH<\/p>\t\t\t\t\t\t\t\t<\/div>\n\t\t\t\t<\/div>\n\t\t\t\t\t<\/div>\n\t\t\t\t<\/div>\n\t\t<div class=\"elementor-element elementor-element-0058dac e-flex e-con-boxed e-con e-parent\" data-id=\"0058dac\" data-element_type=\"container\" data-e-type=\"container\">\n\t\t\t\t\t<div class=\"e-con-inner\">\n\t\t<div class=\"elementor-element elementor-element-f1e89d1 e-con-full e-flex e-con e-child\" data-id=\"f1e89d1\" data-element_type=\"container\" data-e-type=\"container\">\n\t\t\t\t<div class=\"elementor-element elementor-element-1c328fa elementor-hidden-tablet elementor-hidden-mobile elementor-widget elementor-widget-image\" data-id=\"1c328fa\" data-element_type=\"widget\" data-e-type=\"widget\" data-widget_type=\"image.default\">\n\t\t\t\t<div class=\"elementor-widget-container\">\n\t\t\t\t\t\t\t\t\t\t\t\t\t\t\t\t<a href=\"https:\/\/bond-life.com\/wp-content\/uploads\/2022\/11\/unique-touch-teppich.jpg\" data-elementor-open-lightbox=\"yes\" data-e-action-hash=\"#elementor-action%3Aaction%3Dlightbox%26settings%3DeyJpZCI6MTIwNCwidXJsIjoiaHR0cHM6XC9cL2JvbmQtbGlmZS5jb21cL3dwLWNvbnRlbnRcL3VwbG9hZHNcLzIwMjJcLzExXC91bmlxdWUtdG91Y2gtdGVwcGljaC5qcGcifQ%3D%3D\">\n\t\t\t\t\t\t\t<img fetchpriority=\"high\" decoding=\"async\" width=\"800\" height=\"533\" src=\"https:\/\/bond-life.com\/wp-content\/uploads\/2022\/11\/unique-touch-teppich.jpg\" class=\"attachment-large size-large wp-image-1204\" alt=\"Unique Touch Teppich von BOND\" srcset=\"https:\/\/bond-life.com\/wp-content\/uploads\/2022\/11\/unique-touch-teppich.jpg 1520w, https:\/\/bond-life.com\/wp-content\/uploads\/2022\/11\/unique-touch-teppich-300x200.jpg 300w, https:\/\/bond-life.com\/wp-content\/uploads\/2022\/11\/unique-touch-teppich-768x512.jpg 768w, https:\/\/bond-life.com\/wp-content\/uploads\/2022\/11\/unique-touch-teppich-18x12.jpg 18w\" sizes=\"(max-width: 800px) 100vw, 800px\" title=\"\">\t\t\t\t\t\t\t\t<\/a>\n\t\t\t\t\t\t\t\t\t\t\t\t\t\t\t<\/div>\n\t\t\t\t<\/div>\n\t\t\t\t<div class=\"elementor-element elementor-element-7b9e864 elementor-widget elementor-widget-gallery\" data-id=\"7b9e864\" data-element_type=\"widget\" data-e-type=\"widget\" data-settings=\"{&quot;columns&quot;:2,&quot;columns_mobile&quot;:2,&quot;lazyload&quot;:&quot;yes&quot;,&quot;gallery_layout&quot;:&quot;grid&quot;,&quot;columns_tablet&quot;:2,&quot;gap&quot;:{&quot;unit&quot;:&quot;px&quot;,&quot;size&quot;:10,&quot;sizes&quot;:[]},&quot;gap_tablet&quot;:{&quot;unit&quot;:&quot;px&quot;,&quot;size&quot;:10,&quot;sizes&quot;:[]},&quot;gap_mobile&quot;:{&quot;unit&quot;:&quot;px&quot;,&quot;size&quot;:10,&quot;sizes&quot;:[]},&quot;aspect_ratio&quot;:&quot;3:2&quot;,&quot;overlay_background&quot;:&quot;yes&quot;,&quot;content_hover_animation&quot;:&quot;fade-in&quot;}\" data-widget_type=\"gallery.default\">\n\t\t\t\t<div class=\"elementor-widget-container\">\n\t\t\t\t\t\t\t<div class=\"elementor-gallery__container\">\n\t\t\t\t\t\t\t<div class=\"e-gallery-item elementor-gallery-item elementor-animated-content\">\n\t\t\t\t\t<div class=\"e-gallery-image elementor-gallery-item__image\" data-thumbnail=\"https:\/\/bond-life.com\/wp-content\/uploads\/2022\/04\/unique-touch-3.jpg\" data-width=\"500\" data-height=\"333\" aria-label=\"Unique Touch Teppich\" role=\"img\" ><\/div>\n\t\t\t\t\t\t\t\t\t\t\t<div class=\"elementor-gallery-item__overlay\"><\/div>\n\t\t\t\t\t\t\t\t\t\t\t\t\t\t<\/div>\n\t\t\t\t\t\t\t<div class=\"e-gallery-item elementor-gallery-item elementor-animated-content\">\n\t\t\t\t\t<div class=\"e-gallery-image elementor-gallery-item__image\" data-thumbnail=\"https:\/\/bond-life.com\/wp-content\/uploads\/2022\/04\/unique-touch-2.jpg\" data-width=\"500\" data-height=\"333\" aria-label=\"Unique Touch Teppich\" role=\"img\" ><\/div>\n\t\t\t\t\t\t\t\t\t\t\t<div class=\"elementor-gallery-item__overlay\"><\/div>\n\t\t\t\t\t\t\t\t\t\t\t\t\t\t<\/div>\n\t\t\t\t\t\t\t<div class=\"e-gallery-item elementor-gallery-item elementor-animated-content\">\n\t\t\t\t\t<div class=\"e-gallery-image elementor-gallery-item__image\" data-thumbnail=\"https:\/\/bond-life.com\/wp-content\/uploads\/2022\/04\/unique-touch-1.jpg\" data-width=\"500\" data-height=\"333\" aria-label=\"Unique Touch Teppich\" role=\"img\" ><\/div>\n\t\t\t\t\t\t\t\t\t\t\t<div class=\"elementor-gallery-item__overlay\"><\/div>\n\t\t\t\t\t\t\t\t\t\t\t\t\t\t<\/div>\n\t\t\t\t\t\t\t<div class=\"e-gallery-item elementor-gallery-item elementor-animated-content\">\n\t\t\t\t\t<div class=\"e-gallery-image elementor-gallery-item__image\" data-thumbnail=\"https:\/\/bond-life.com\/wp-content\/uploads\/2022\/04\/bond-teppich-unique-touch-768x512.jpg\" data-width=\"768\" data-height=\"512\" aria-label=\"Unique Touch Teppich\" role=\"img\" ><\/div>\n\t\t\t\t\t\t\t\t\t\t\t<div class=\"elementor-gallery-item__overlay\"><\/div>\n\t\t\t\t\t\t\t\t\t\t\t\t\t\t<\/div>\n\t\t\t\t\t<\/div>\n\t\t\t\t\t<\/div>\n\t\t\t\t<\/div>\n\t\t\t\t<\/div>\n\t\t<div class=\"elementor-element elementor-element-2a5625b e-con-full e-flex e-con e-child\" data-id=\"2a5625b\" data-element_type=\"container\" data-e-type=\"container\">\n\t\t<div class=\"elementor-element elementor-element-b2b4d96 e-con-full e-flex e-con e-child\" data-id=\"b2b4d96\" data-element_type=\"container\" data-e-type=\"container\">\n\t\t\t\t<div class=\"elementor-element elementor-element-5af4359 elementor-widget elementor-widget-heading\" data-id=\"5af4359\" data-element_type=\"widget\" data-e-type=\"widget\" data-widget_type=\"heading.default\">\n\t\t\t\t<div class=\"elementor-widget-container\">\n\t\t\t\t\t<h1 class=\"elementor-heading-title elementor-size-default\">UNIQUE TOUCH<\/h1>\t\t\t\t<\/div>\n\t\t\t\t<\/div>\n\t\t\t\t<div class=\"elementor-element elementor-element-ac728d7 elementor-widget elementor-widget-heading\" data-id=\"ac728d7\" data-element_type=\"widget\" data-e-type=\"widget\" data-widget_type=\"heading.default\">\n\t\t\t\t<div class=\"elementor-widget-container\">\n\t\t\t\t\t<h2 class=\"elementor-heading-title elementor-size-default\">Ihr Leben. Ihr Fingerabdruck. Ihr Teppich.<\/h2>\t\t\t\t<\/div>\n\t\t\t\t<\/div>\n\t\t\t\t<div class=\"elementor-element elementor-element-609a413 elementor-hidden-desktop elementor-widget elementor-widget-image\" data-id=\"609a413\" data-element_type=\"widget\" data-e-type=\"widget\" data-widget_type=\"image.default\">\n\t\t\t\t<div class=\"elementor-widget-container\">\n\t\t\t\t\t\t\t\t\t\t\t\t\t\t\t\t<a href=\"https:\/\/bond-life.com\/wp-content\/uploads\/2022\/11\/unique-touch-teppich.jpg\" data-elementor-open-lightbox=\"yes\" data-e-action-hash=\"#elementor-action%3Aaction%3Dlightbox%26settings%3DeyJpZCI6MTIwNCwidXJsIjoiaHR0cHM6XC9cL2JvbmQtbGlmZS5jb21cL3dwLWNvbnRlbnRcL3VwbG9hZHNcLzIwMjJcLzExXC91bmlxdWUtdG91Y2gtdGVwcGljaC5qcGcifQ%3D%3D\">\n\t\t\t\t\t\t\t<img fetchpriority=\"high\" decoding=\"async\" width=\"800\" height=\"533\" src=\"https:\/\/bond-life.com\/wp-content\/uploads\/2022\/11\/unique-touch-teppich.jpg\" class=\"attachment-large size-large wp-image-1204\" alt=\"Unique Touch Teppich von BOND\" srcset=\"https:\/\/bond-life.com\/wp-content\/uploads\/2022\/11\/unique-touch-teppich.jpg 1520w, https:\/\/bond-life.com\/wp-content\/uploads\/2022\/11\/unique-touch-teppich-300x200.jpg 300w, https:\/\/bond-life.com\/wp-content\/uploads\/2022\/11\/unique-touch-teppich-768x512.jpg 768w, https:\/\/bond-life.com\/wp-content\/uploads\/2022\/11\/unique-touch-teppich-18x12.jpg 18w\" sizes=\"(max-width: 800px) 100vw, 800px\" title=\"\">\t\t\t\t\t\t\t\t<\/a>\n\t\t\t\t\t\t\t\t\t\t\t\t\t\t\t<\/div>\n\t\t\t\t<\/div>\n\t\t\t\t<div class=\"elementor-element elementor-element-25cc766 elementor-widget elementor-widget-heading\" data-id=\"25cc766\" data-element_type=\"widget\" data-e-type=\"widget\" data-widget_type=\"heading.default\">\n\t\t\t\t<div class=\"elementor-widget-container\">\n\t\t\t\t\t<h3 class=\"elementor-heading-title elementor-size-default\">Manche Menschen ber\u00fchren unser Leben so tief, dass wir sie f\u00fcr immer bei uns tragen m\u00f6chten. Ihr L\u00e4cheln, ihre N\u00e4he, ihr ganz eigener Abdruck in unserem Herzen. Mit Unique Touch wird aus einem Fingerabdruck ein leiser, kraftvoller Ausdruck dieser Verbundenheit \u2013 festgehalten in einem handgefertigten Teppich. Ein Zeichen der Liebe, das nicht vergeht. Ob als Erinnerung an einen geliebten Menschen, als Geschenk f\u00fcr jemanden, das mehr bedeutet als Worte sagen k\u00f6nnen \u2013 oder als gemeinsames Symbol Ihrer Verbindung: Dieser Teppich h\u00e4lt fest, was sonst nur das Herz versteht. <br><br>Jeder Unique Touch-Teppich wird in liebevoller Handarbeit gefertigt \u2013 mit sorgf\u00e4ltig ausgew\u00e4hlten Materialien, frei w\u00e4hlbaren Farben und Formaten. Im Mittelpunkt steht Ihr Fingerabdruck oder der eines besonderen Menschen. Auch zwei Abdr\u00fccke lassen sich als Herzform gestalten \u2013 etwa als besonderes Hochzeitsgeschenk. Selbst die Pfote Ihres Haustiers kann zu einem ganz pers\u00f6nlichen Design werden. Sprechen Sie mit uns \u2013 wir machen fast alles m\u00f6glich, was Ihnen am Herzen liegt.<\/h3>\t\t\t\t<\/div>\n\t\t\t\t<\/div>\n\t\t\t\t<div class=\"elementor-element elementor-element-695bdef e-n-tabs-mobile elementor-widget elementor-widget-n-tabs\" data-id=\"695bdef\" data-element_type=\"widget\" data-e-type=\"widget\" data-settings=\"{&quot;tabs_justify_horizontal&quot;:&quot;stretch&quot;,&quot;horizontal_scroll&quot;:&quot;disable&quot;}\" data-widget_type=\"nested-tabs.default\">\n\t\t\t\t<div class=\"elementor-widget-container\">\n\t\t\t\t\t\t\t<div class=\"e-n-tabs\" data-widget-number=\"110476783\" aria-label=\"Tabs. Open items with Enter or Space, close with Escape and navigate using the Arrow keys.\">\n\t\t\t<div class=\"e-n-tabs-heading\" role=\"tablist\">\n\t\t\t\t\t<button id=\"e-n-tab-title-1104767831\" data-tab-title-id=\"e-n-tab-title-1104767831\" class=\"e-n-tab-title\" aria-selected=\"true\" data-tab-index=\"1\" role=\"tab\" tabindex=\"0\" aria-controls=\"e-n-tab-content-1104767831\" style=\"--n-tabs-title-order: 1;\">\n\t\t\t\t\t\t<span class=\"e-n-tab-title-text\">\n\t\t\t\tMaterialien\t\t\t<\/span>\n\t\t<\/button>\n\t\t\t\t<button id=\"e-n-tab-title-1104767832\" data-tab-title-id=\"e-n-tab-title-1104767832\" class=\"e-n-tab-title\" aria-selected=\"false\" data-tab-index=\"2\" role=\"tab\" tabindex=\"-1\" aria-controls=\"e-n-tab-content-1104767832\" style=\"--n-tabs-title-order: 2;\">\n\t\t\t\t\t\t<span class=\"e-n-tab-title-text\">\n\t\t\t\tMa\u00dfen\t\t\t<\/span>\n\t\t<\/button>\n\t\t\t\t\t<\/div>\n\t\t\t<div class=\"e-n-tabs-content\">\n\t\t\t\t<div id=\"e-n-tab-content-1104767831\" role=\"tabpanel\" aria-labelledby=\"e-n-tab-title-1104767831\" data-tab-index=\"1\" style=\"--n-tabs-title-order: 1;\" class=\"e-active elementor-element elementor-element-9575afb e-con-full e-flex e-con e-child\" data-id=\"9575afb\" data-element_type=\"container\" data-e-type=\"container\">\n\t\t\t\t<div class=\"elementor-element elementor-element-efc4582 elementor-widget elementor-widget-text-editor\" data-id=\"efc4582\" data-element_type=\"widget\" data-e-type=\"widget\" data-widget_type=\"text-editor.default\">\n\t\t\t\t<div class=\"elementor-widget-container\">\n\t\t\t\t\t\t\t\t\t<ul>\n<li>Ausf\u00fchrung der Polmaterialien wahlweise in Leinen, Seide, New Zealand Schurwolle, Tencina, Bamboo, Lotus, Baumwolle, Kunstgarn<\/li>\n<li>auch unterschiedliche Materialkombinationen sind m\u00f6glich\u00a0<\/li>\n<\/ul>\t\t\t\t\t\t\t\t<\/div>\n\t\t\t\t<\/div>\n\t\t\t\t<\/div>\n\t\t<div id=\"e-n-tab-content-1104767832\" role=\"tabpanel\" aria-labelledby=\"e-n-tab-title-1104767832\" data-tab-index=\"2\" style=\"--n-tabs-title-order: 2;\" class=\" elementor-element elementor-element-77718a1 e-con-full e-flex e-con e-child\" data-id=\"77718a1\" data-element_type=\"container\" data-e-type=\"container\">\n\t\t\t\t<div class=\"elementor-element elementor-element-b22da65 elementor-widget elementor-widget-text-editor\" data-id=\"b22da65\" data-element_type=\"widget\" data-e-type=\"widget\" data-widget_type=\"text-editor.default\">\n\t\t\t\t<div class=\"elementor-widget-container\">\n\t\t\t\t\t\t\t\t\t<ul>\n<li>Breite bis 9,50 m<\/li>\n<li>L\u00e4nge ohne Beschr\u00e4nkungen<\/li>\n<li>Polh\u00f6he bis 17 mm*<br \/><br \/>* Die Polh\u00f6he bei Teppichen bezeichnet die H\u00f6he der Fasern, die aus dem Teppichflor herausragen \u2013 also den \u201eFlaum\u201c, den man sieht und f\u00fchlt. Die Polh\u00f6he beeinflusst das Aussehen, das Trittgef\u00fchl und die Nutzbarkeit des Teppichs.<\/li>\n<\/ul>\t\t\t\t\t\t\t\t<\/div>\n\t\t\t\t<\/div>\n\t\t\t\t<\/div>\n\t\t\t\t\t<\/div>\n\t\t<\/div>\n\t\t\t\t\t\t<\/div>\n\t\t\t\t<\/div>\n\t\t\t\t<div class=\"elementor-element elementor-element-a2c001d elementor-widget elementor-widget-text-editor\" data-id=\"a2c001d\" data-element_type=\"widget\" data-e-type=\"widget\" data-widget_type=\"text-editor.default\">\n\t\t\t\t<div class=\"elementor-widget-container\">\n\t\t\t\t\t\t\t\t\t<p>Jeder UNIQUE TOUCH Teppich ist ein handgetuftetes Einzelst\u00fcck \u2013 in Gestaltung, Material und Proportion exakt auf Ihre W\u00fcnsche abgestimmt. Die Teppiche entstehen in Kooperation mit einer f\u00fchrenden Deutschen Manufaktur f\u00fcr Teppichunikate, deren Arbeiten weltweit gesch\u00e4tzt werden \u2013 von luxuri\u00f6sen Hotels und Theatern bis hin zu privaten Residenzen, Yachten und Flugzeugen.<\/p>\n<p><strong>Preis auf Anfrage<\/strong><\/p>\t\t\t\t\t\t\t\t<\/div>\n\t\t\t\t<\/div>\n\t\t\t\t<\/div>\n\t\t\t\t<\/div>\n\t\t\t\t\t<\/div>\n\t\t\t\t<\/div>\n\t\t<div class=\"elementor-element elementor-element-ff29e3c e-flex e-con-boxed e-con e-parent\" data-id=\"ff29e3c\" data-element_type=\"container\" data-e-type=\"container\" data-settings=\"{&quot;background_background&quot;:&quot;gradient&quot;}\">\n\t\t\t\t\t<div class=\"e-con-inner\">\n\t\t<div class=\"elementor-element elementor-element-93bbd61 e-con-full e-flex e-con e-child\" data-id=\"93bbd61\" data-element_type=\"container\" data-e-type=\"container\">\n\t\t\t\t<div class=\"elementor-element elementor-element-86dd71d elementor-widget elementor-widget-heading\" data-id=\"86dd71d\" data-element_type=\"widget\" data-e-type=\"widget\" data-widget_type=\"heading.default\">\n\t\t\t\t<div class=\"elementor-widget-container\">\n\t\t\t\t\t<h2 class=\"elementor-heading-title elementor-size-default\">Let\u00b4s make it unique!<\/h2>\t\t\t\t<\/div>\n\t\t\t\t<\/div>\n\t\t\t\t<\/div>\n\t\t<div class=\"elementor-element elementor-element-f50abfc e-con-full e-flex e-con e-child\" data-id=\"f50abfc\" data-element_type=\"container\" data-e-type=\"container\">\n\t\t\t\t<div class=\"elementor-element elementor-element-4bd6f07 elementor-widget elementor-widget-heading\" data-id=\"4bd6f07\" data-element_type=\"widget\" data-e-type=\"widget\" data-widget_type=\"heading.default\">\n\t\t\t\t<div class=\"elementor-widget-container\">\n\t\t\t\t\t<h3 class=\"elementor-heading-title elementor-size-default\">Lassen Sie sich pers\u00f6nlich zu Ihrem UNIQUE TOUCH Teppich beraten.<\/h3>\t\t\t\t<\/div>\n\t\t\t\t<\/div>\n\t\t<div class=\"elementor-element elementor-element-c9e168e e-grid e-con-full e-con e-child\" data-id=\"c9e168e\" data-element_type=\"container\" data-e-type=\"container\">\n\t\t\t\t<div class=\"elementor-element elementor-element-e2f9e6c elementor-widget elementor-widget-text-editor\" data-id=\"e2f9e6c\" data-element_type=\"widget\" data-e-type=\"widget\" data-widget_type=\"text-editor.default\">\n\t\t\t\t<div class=\"elementor-widget-container\">\n\t\t\t\t\t\t\t\t\t<p><i class=\"fas fa-phone-alt\"><\/i> +49 211 98948012<\/p>\t\t\t\t\t\t\t\t<\/div>\n\t\t\t\t<\/div>\n\t\t\t\t<div class=\"elementor-element elementor-element-423a06d elementor-widget elementor-widget-text-editor\" data-id=\"423a06d\" data-element_type=\"widget\" data-e-type=\"widget\" data-widget_type=\"text-editor.default\">\n\t\t\t\t<div class=\"elementor-widget-container\">\n\t\t\t\t\t\t\t\t\t<p><i class=\"fas fa-envelope\"><\/i> info@bond-life.com<\/p>\t\t\t\t\t\t\t\t<\/div>\n\t\t\t\t<\/div>\n\t\t\t\t<\/div>\n\t\t\t\t<\/div>\n\t\t<div class=\"elementor-element elementor-element-b2ce8a2 e-con-full e-flex e-con e-child\" data-id=\"b2ce8a2\" data-element_type=\"container\" data-e-type=\"container\">\n\t\t<div class=\"elementor-element elementor-element-97cb6ac e-con-full e-flex e-con e-child\" data-id=\"97cb6ac\" data-element_type=\"container\" data-e-type=\"container\" data-settings=\"{&quot;background_background&quot;:&quot;gradient&quot;}\">\n\t\t\t\t<div class=\"elementor-element elementor-element-16bde86 elementor-widget elementor-widget-heading\" data-id=\"16bde86\" data-element_type=\"widget\" data-e-type=\"widget\" data-widget_type=\"heading.default\">\n\t\t\t\t<div class=\"elementor-widget-container\">\n\t\t\t\t\t<h3 class=\"elementor-heading-title elementor-size-default\">Beratung gew\u00fcnscht?<\/h3>\t\t\t\t<\/div>\n\t\t\t\t<\/div>\n\t\t\t\t<div class=\"elementor-element elementor-element-d6b5fea elementor-button-align-stretch elementor-widget elementor-widget-form\" data-id=\"d6b5fea\" data-element_type=\"widget\" data-e-type=\"widget\" data-settings=\"{&quot;step_next_label&quot;:&quot;Next&quot;,&quot;step_previous_label&quot;:&quot;Previous&quot;,&quot;button_width&quot;:&quot;100&quot;,&quot;step_type&quot;:&quot;number_text&quot;,&quot;step_icon_shape&quot;:&quot;circle&quot;}\" data-widget_type=\"form.default\">\n\t\t\t\t<div class=\"elementor-widget-container\">\n\t\t\t\t\t\t\t<form class=\"elementor-form\" method=\"post\" name=\"New Form\" aria-label=\"New Form\">\n\t\t\t<input type=\"hidden\" name=\"post_id\" value=\"3064\"\/>\n\t\t\t<input type=\"hidden\" name=\"form_id\" value=\"d6b5fea\"\/>\n\t\t\t<input type=\"hidden\" name=\"referer_title\" value=\"UNIQUE Touch Teppich \u2013 Ihr Fingerabdruck als Design\" \/>\n\n\t\t\t\t\t\t\t<input type=\"hidden\" name=\"queried_id\" value=\"3064\"\/>\n\t\t\t\n\t\t\t<div class=\"elementor-form-fields-wrapper elementor-labels-above\">\n\t\t\t\t\t\t\t\t<div class=\"elementor-field-type-text elementor-field-group elementor-column elementor-field-group-name elementor-col-100 elementor-field-required elementor-mark-required\">\n\t\t\t\t\t\t\t\t\t\t\t\t\t<input size=\"1\" type=\"text\" name=\"form_fields[name]\" id=\"form-field-name\" class=\"elementor-field elementor-size-xs  elementor-field-textual\" placeholder=\"Name\" required=\"required\">\n\t\t\t\t\t\t\t\t\t\t\t<\/div>\n\t\t\t\t\t\t\t\t<div class=\"elementor-field-type-email elementor-field-group elementor-column elementor-field-group-email elementor-col-100 elementor-field-required elementor-mark-required\">\n\t\t\t\t\t\t\t\t\t\t\t\t\t<input size=\"1\" type=\"email\" name=\"form_fields[email]\" id=\"form-field-email\" class=\"elementor-field elementor-size-xs  elementor-field-textual\" placeholder=\"E-Mail\" required=\"required\">\n\t\t\t\t\t\t\t\t\t\t\t<\/div>\n\t\t\t\t\t\t\t\t<div class=\"elementor-field-type-textarea elementor-field-group elementor-column elementor-field-group-message elementor-col-100\">\n\t\t\t\t\t<textarea class=\"elementor-field-textual elementor-field  elementor-size-xs\" name=\"form_fields[message]\" id=\"form-field-message\" rows=\"3\" placeholder=\"Nachricht\"><\/textarea>\t\t\t\t<\/div>\n\t\t\t\t\t\t\t\t<div class=\"elementor-field-group elementor-column elementor-field-type-submit elementor-col-100 e-form__buttons\">\n\t\t\t\t\t<button class=\"elementor-button elementor-size-md\" type=\"submit\">\n\t\t\t\t\t\t<span class=\"elementor-button-content-wrapper\">\n\t\t\t\t\t\t\t\t\t\t\t\t\t\t\t\t\t\t\t\t\t\t<span class=\"elementor-button-text\">Absenden<\/span>\n\t\t\t\t\t\t\t\t\t\t\t\t\t<\/span>\n\t\t\t\t\t<\/button>\n\t\t\t\t<\/div>\n\t\t\t<\/div>\n\t\t<\/form>\n\t\t\t\t\t\t<\/div>\n\t\t\t\t<\/div>\n\t\t\t\t<\/div>\n\t\t\t\t<\/div>\n\t\t\t\t\t<\/div>\n\t\t\t\t<\/div>\n\t\t\t\t<section class=\"elementor-section elementor-top-section elementor-element elementor-element-e5a4f02 elementor-section-full_width elementor-section-height-default elementor-section-height-default\" data-id=\"e5a4f02\" data-element_type=\"section\" data-e-type=\"section\">\n\t\t\t\t\t\t<div class=\"elementor-container elementor-column-gap-default\">\n\t\t\t\t\t<div class=\"elementor-column elementor-col-100 elementor-top-column elementor-element elementor-element-94a43ee\" data-id=\"94a43ee\" data-element_type=\"column\" data-e-type=\"column\">\n\t\t\t<div class=\"elementor-widget-wrap elementor-element-populated\">\n\t\t\t\t\t\t<div class=\"elementor-element elementor-element-34f7308 elementor-widget-divider--view-line_icon elementor-view-default elementor-widget-divider--element-align-center elementor-widget elementor-widget-divider\" data-id=\"34f7308\" data-element_type=\"widget\" data-e-type=\"widget\" data-widget_type=\"divider.default\">\n\t\t\t\t<div class=\"elementor-widget-container\">\n\t\t\t\t\t\t\t<div class=\"elementor-divider\">\n\t\t\t<span class=\"elementor-divider-separator\">\n\t\t\t\t\t\t\t<div class=\"elementor-icon elementor-divider__element\">\n\t\t\t\t\t<svg xmlns=\"http:\/\/www.w3.org\/2000\/svg\" id=\"Ebene_1\" viewBox=\"0 0 877.16 731.67\"><path d=\"M438.72,329.28L0,0,.11,731.34,438.94,402.39l438.22,329.28V.28L438.72,329.28ZM58.73,615.74l.17-500.04,332.26,250.35L58.73,615.74Zm761.04-.17l-332.83-249.69L820.02,115.62l-.25,499.95Z\"><\/path><\/svg><\/div>\n\t\t\t\t\t\t<\/span>\n\t\t<\/div>\n\t\t\t\t\t\t<\/div>\n\t\t\t\t<\/div>\n\t\t\t\t\t<\/div>\n\t\t<\/div>\n\t\t\t\t\t<\/div>\n\t\t<\/section>\n\t\t\t\t<\/div>\n\t\t","protected":false},"excerpt":{"rendered":"<p>BOND | Unique Homes \u00ae \/\/\/ Produktentwicklung \/\/\/ UNIQUE TOUCH UNIQUE TOUCH Ihr Leben. Ihr Fingerabdruck. Ihr Teppich. Manche Menschen ber\u00fchren unser Leben so tief, dass wir sie f\u00fcr immer bei uns tragen m\u00f6chten. Ihr L\u00e4cheln, ihre N\u00e4he, ihr ganz eigener Abdruck in unserem Herzen. Mit Unique Touch wird aus einem Fingerabdruck ein leiser, kraftvoller [&hellip;]<\/p>\n","protected":false},"author":1,"featured_media":0,"parent":0,"menu_order":0,"comment_status":"closed","ping_status":"closed","template":"elementor_header_footer","meta":{"footnotes":""},"class_list":["post-3064","page","type-page","status-publish","hentry"],"_links":{"self":[{"href":"https:\/\/bond-life.com\/en\/wp-json\/wp\/v2\/pages\/3064","targetHints":{"allow":["GET"]}}],"collection":[{"href":"https:\/\/bond-life.com\/en\/wp-json\/wp\/v2\/pages"}],"about":[{"href":"https:\/\/bond-life.com\/en\/wp-json\/wp\/v2\/types\/page"}],"author":[{"embeddable":true,"href":"https:\/\/bond-life.com\/en\/wp-json\/wp\/v2\/users\/1"}],"replies":[{"embeddable":true,"href":"https:\/\/bond-life.com\/en\/wp-json\/wp\/v2\/comments?post=3064"}],"version-history":[{"count":18,"href":"https:\/\/bond-life.com\/en\/wp-json\/wp\/v2\/pages\/3064\/revisions"}],"predecessor-version":[{"id":3581,"href":"https:\/\/bond-life.com\/en\/wp-json\/wp\/v2\/pages\/3064\/revisions\/3581"}],"wp:attachment":[{"href":"https:\/\/bond-life.com\/en\/wp-json\/wp\/v2\/media?parent=3064"}],"curies":[{"name":"wp","href":"https:\/\/api.w.org\/{rel}","templated":true}]}}