{"id":2972,"date":"2025-07-13T22:20:23","date_gmt":"2025-07-13T22:20:23","guid":{"rendered":"https:\/\/bond-life.com\/?page_id=2972"},"modified":"2025-07-21T10:46:54","modified_gmt":"2025-07-21T10:46:54","slug":"dreamframe-leuchte","status":"publish","type":"page","link":"https:\/\/bond-life.com\/en\/dreamframe-leuchte\/","title":{"rendered":"DREAMFRAME"},"content":{"rendered":"\t\t<div data-elementor-type=\"wp-page\" data-elementor-id=\"2972\" class=\"elementor elementor-2972\" data-elementor-post-type=\"page\">\n\t\t\t\t<div class=\"elementor-element elementor-element-307cabd elementor-hidden-mobile e-flex e-con-boxed e-con e-parent\" data-id=\"307cabd\" data-element_type=\"container\" data-e-type=\"container\" data-settings=\"{&quot;background_background&quot;:&quot;classic&quot;}\">\n\t\t\t\t\t<div class=\"e-con-inner\">\n\t\t\t\t<div class=\"elementor-element elementor-element-6457345 elementor-widget elementor-widget-text-editor\" data-id=\"6457345\" data-element_type=\"widget\" data-e-type=\"widget\" data-widget_type=\"text-editor.default\">\n\t\t\t\t<div class=\"elementor-widget-container\">\n\t\t\t\t\t\t\t\t\t<p><a href=\"https:\/\/bond-life.com\/\">BOND | Unique Homes \u00ae<\/a> \/\/\/ <a href=\"https:\/\/bond-life.com\/produktentwicklung\/\">Produktentwicklung<\/a> \/\/\/ DREAMFRAME<\/p>\t\t\t\t\t\t\t\t<\/div>\n\t\t\t\t<\/div>\n\t\t\t\t\t<\/div>\n\t\t\t\t<\/div>\n\t\t<div class=\"elementor-element elementor-element-0058dac e-flex e-con-boxed e-con e-parent\" data-id=\"0058dac\" data-element_type=\"container\" data-e-type=\"container\">\n\t\t\t\t\t<div class=\"e-con-inner\">\n\t\t<div class=\"elementor-element elementor-element-f1e89d1 e-con-full e-flex e-con e-child\" data-id=\"f1e89d1\" data-element_type=\"container\" data-e-type=\"container\">\n\t\t\t\t<div class=\"elementor-element elementor-element-7b9e864 elementor-widget elementor-widget-gallery\" data-id=\"7b9e864\" data-element_type=\"widget\" data-e-type=\"widget\" data-settings=\"{&quot;columns&quot;:2,&quot;columns_tablet&quot;:3,&quot;columns_mobile&quot;:2,&quot;lazyload&quot;:&quot;yes&quot;,&quot;gallery_layout&quot;:&quot;grid&quot;,&quot;gap&quot;:{&quot;unit&quot;:&quot;px&quot;,&quot;size&quot;:10,&quot;sizes&quot;:[]},&quot;gap_tablet&quot;:{&quot;unit&quot;:&quot;px&quot;,&quot;size&quot;:10,&quot;sizes&quot;:[]},&quot;gap_mobile&quot;:{&quot;unit&quot;:&quot;px&quot;,&quot;size&quot;:10,&quot;sizes&quot;:[]},&quot;link_to&quot;:&quot;file&quot;,&quot;aspect_ratio&quot;:&quot;3:2&quot;,&quot;overlay_background&quot;:&quot;yes&quot;,&quot;content_hover_animation&quot;:&quot;fade-in&quot;}\" data-widget_type=\"gallery.default\">\n\t\t\t\t<div class=\"elementor-widget-container\">\n\t\t\t\t\t\t\t<div class=\"elementor-gallery__container\">\n\t\t\t\t\t\t\t<a class=\"e-gallery-item elementor-gallery-item elementor-animated-content\" href=\"https:\/\/bond-life.com\/wp-content\/uploads\/2025\/06\/dreamframe-pure.jpg\" data-elementor-open-lightbox=\"yes\" data-elementor-lightbox-slideshow=\"7b9e864\" data-e-action-hash=\"#elementor-action%3Aaction%3Dlightbox%26settings%3DeyJpZCI6MjczMiwidXJsIjoiaHR0cHM6XC9cL2JvbmQtbGlmZS5jb21cL3dwLWNvbnRlbnRcL3VwbG9hZHNcLzIwMjVcLzA2XC9kcmVhbWZyYW1lLXB1cmUuanBnIiwic2xpZGVzaG93IjoiN2I5ZTg2NCJ9\">\n\t\t\t\t\t<div class=\"e-gallery-image elementor-gallery-item__image\" data-thumbnail=\"https:\/\/bond-life.com\/wp-content\/uploads\/2025\/06\/dreamframe-pure-768x514.jpg\" data-width=\"768\" data-height=\"514\" aria-label=\"DREAMFRAME by Bond\" role=\"img\" ><\/div>\n\t\t\t\t\t\t\t\t\t\t\t<div class=\"elementor-gallery-item__overlay\"><\/div>\n\t\t\t\t\t\t\t\t\t\t\t\t\t\t<\/a>\n\t\t\t\t\t\t\t<a class=\"e-gallery-item elementor-gallery-item elementor-animated-content\" href=\"https:\/\/bond-life.com\/wp-content\/uploads\/2024\/08\/dreamframe.jpg\" data-elementor-open-lightbox=\"yes\" data-elementor-lightbox-slideshow=\"7b9e864\" data-e-action-hash=\"#elementor-action%3Aaction%3Dlightbox%26settings%3DeyJpZCI6MjA4NywidXJsIjoiaHR0cHM6XC9cL2JvbmQtbGlmZS5jb21cL3dwLWNvbnRlbnRcL3VwbG9hZHNcLzIwMjRcLzA4XC9kcmVhbWZyYW1lLmpwZyIsInNsaWRlc2hvdyI6IjdiOWU4NjQifQ%3D%3D\">\n\t\t\t\t\t<div class=\"e-gallery-image elementor-gallery-item__image\" data-thumbnail=\"https:\/\/bond-life.com\/wp-content\/uploads\/2024\/08\/dreamframe-768x512.jpg\" data-width=\"768\" data-height=\"512\" aria-label=\"DREAMFRAME\" role=\"img\" ><\/div>\n\t\t\t\t\t\t\t\t\t\t\t<div class=\"elementor-gallery-item__overlay\"><\/div>\n\t\t\t\t\t\t\t\t\t\t\t\t\t\t<\/a>\n\t\t\t\t\t\t\t<a class=\"e-gallery-item elementor-gallery-item elementor-animated-content\" href=\"https:\/\/bond-life.com\/wp-content\/uploads\/2022\/04\/dreamframe-2.jpg\" data-elementor-open-lightbox=\"yes\" data-elementor-lightbox-slideshow=\"7b9e864\" data-e-action-hash=\"#elementor-action%3Aaction%3Dlightbox%26settings%3DeyJpZCI6Nzg5LCJ1cmwiOiJodHRwczpcL1wvYm9uZC1saWZlLmNvbVwvd3AtY29udGVudFwvdXBsb2Fkc1wvMjAyMlwvMDRcL2RyZWFtZnJhbWUtMi5qcGciLCJzbGlkZXNob3ciOiI3YjllODY0In0%3D\">\n\t\t\t\t\t<div class=\"e-gallery-image elementor-gallery-item__image\" data-thumbnail=\"https:\/\/bond-life.com\/wp-content\/uploads\/2022\/04\/dreamframe-2-768x512.jpg\" data-width=\"768\" data-height=\"512\" aria-label=\"Dreamframe\" role=\"img\" ><\/div>\n\t\t\t\t\t\t\t\t\t\t\t<div class=\"elementor-gallery-item__overlay\"><\/div>\n\t\t\t\t\t\t\t\t\t\t\t\t\t\t<\/a>\n\t\t\t\t\t\t\t<a class=\"e-gallery-item elementor-gallery-item elementor-animated-content\" href=\"https:\/\/bond-life.com\/wp-content\/uploads\/2025\/07\/dreamframe-leuchte-bett.jpg\" data-elementor-open-lightbox=\"yes\" data-elementor-lightbox-slideshow=\"7b9e864\" data-e-action-hash=\"#elementor-action%3Aaction%3Dlightbox%26settings%3DeyJpZCI6Mjk4OSwidXJsIjoiaHR0cHM6XC9cL2JvbmQtbGlmZS5jb21cL3dwLWNvbnRlbnRcL3VwbG9hZHNcLzIwMjVcLzA3XC9kcmVhbWZyYW1lLWxldWNodGUtYmV0dC5qcGciLCJzbGlkZXNob3ciOiI3YjllODY0In0%3D\">\n\t\t\t\t\t<div class=\"e-gallery-image elementor-gallery-item__image\" data-thumbnail=\"https:\/\/bond-life.com\/wp-content\/uploads\/2025\/07\/dreamframe-leuchte-bett-768x512.jpg\" data-width=\"768\" data-height=\"512\" aria-label=\"DREAMFRAME Leuchte Bett\" role=\"img\" ><\/div>\n\t\t\t\t\t\t\t\t\t\t\t<div class=\"elementor-gallery-item__overlay\"><\/div>\n\t\t\t\t\t\t\t\t\t\t\t\t\t\t<\/a>\n\t\t\t\t\t\t\t<a class=\"e-gallery-item elementor-gallery-item elementor-animated-content\" href=\"https:\/\/bond-life.com\/wp-content\/uploads\/2025\/07\/dreamframe-leuchte-mehrfarbig.jpg\" data-elementor-open-lightbox=\"yes\" data-elementor-lightbox-slideshow=\"7b9e864\" data-e-action-hash=\"#elementor-action%3Aaction%3Dlightbox%26settings%3DeyJpZCI6Mjk5MCwidXJsIjoiaHR0cHM6XC9cL2JvbmQtbGlmZS5jb21cL3dwLWNvbnRlbnRcL3VwbG9hZHNcLzIwMjVcLzA3XC9kcmVhbWZyYW1lLWxldWNodGUtbWVocmZhcmJpZy5qcGciLCJzbGlkZXNob3ciOiI3YjllODY0In0%3D\">\n\t\t\t\t\t<div class=\"e-gallery-image elementor-gallery-item__image\" data-thumbnail=\"https:\/\/bond-life.com\/wp-content\/uploads\/2025\/07\/dreamframe-leuchte-mehrfarbig-768x512.jpg\" data-width=\"768\" data-height=\"512\" aria-label=\"DREAMFRAME Leuchte mehrfarbig\" role=\"img\" ><\/div>\n\t\t\t\t\t\t\t\t\t\t\t<div class=\"elementor-gallery-item__overlay\"><\/div>\n\t\t\t\t\t\t\t\t\t\t\t\t\t\t<\/a>\n\t\t\t\t\t\t\t<a class=\"e-gallery-item elementor-gallery-item elementor-animated-content\" href=\"https:\/\/bond-life.com\/wp-content\/uploads\/2025\/07\/dreamframe-bettleuchte-blau.jpg\" data-elementor-open-lightbox=\"yes\" data-elementor-lightbox-slideshow=\"7b9e864\" data-e-action-hash=\"#elementor-action%3Aaction%3Dlightbox%26settings%3DeyJpZCI6Mjk5NCwidXJsIjoiaHR0cHM6XC9cL2JvbmQtbGlmZS5jb21cL3dwLWNvbnRlbnRcL3VwbG9hZHNcLzIwMjVcLzA3XC9kcmVhbWZyYW1lLWJldHRsZXVjaHRlLWJsYXUuanBnIiwic2xpZGVzaG93IjoiN2I5ZTg2NCJ9\">\n\t\t\t\t\t<div class=\"e-gallery-image elementor-gallery-item__image\" data-thumbnail=\"https:\/\/bond-life.com\/wp-content\/uploads\/2025\/07\/dreamframe-bettleuchte-blau-768x512.jpg\" data-width=\"768\" data-height=\"512\" aria-label=\"DREAMFRAME Bettbeleuchtung\" role=\"img\" ><\/div>\n\t\t\t\t\t\t\t\t\t\t\t<div class=\"elementor-gallery-item__overlay\"><\/div>\n\t\t\t\t\t\t\t\t\t\t\t\t\t\t<\/a>\n\t\t\t\t\t<\/div>\n\t\t\t\t\t<\/div>\n\t\t\t\t<\/div>\n\t\t\t\t<\/div>\n\t\t<div class=\"elementor-element elementor-element-2a5625b e-con-full e-flex e-con e-child\" data-id=\"2a5625b\" data-element_type=\"container\" data-e-type=\"container\">\n\t\t<div class=\"elementor-element elementor-element-b2b4d96 e-con-full e-flex e-con e-child\" data-id=\"b2b4d96\" data-element_type=\"container\" data-e-type=\"container\">\n\t\t\t\t<div class=\"elementor-element elementor-element-5af4359 elementor-widget elementor-widget-heading\" data-id=\"5af4359\" data-element_type=\"widget\" data-e-type=\"widget\" data-widget_type=\"heading.default\">\n\t\t\t\t<div class=\"elementor-widget-container\">\n\t\t\t\t\t<h1 class=\"elementor-heading-title elementor-size-default\">DREAMFRAME Ambienteleuchte<\/h1>\t\t\t\t<\/div>\n\t\t\t\t<\/div>\n\t\t\t\t<div class=\"elementor-element elementor-element-ac728d7 elementor-widget elementor-widget-heading\" data-id=\"ac728d7\" data-element_type=\"widget\" data-e-type=\"widget\" data-widget_type=\"heading.default\">\n\t\t\t\t<div class=\"elementor-widget-container\">\n\t\t\t\t\t<h2 class=\"elementor-heading-title elementor-size-default\">Erleben Sie, wie Licht Geborgenheit schafft.<\/h2>\t\t\t\t<\/div>\n\t\t\t\t<\/div>\n\t\t\t\t<div class=\"elementor-element elementor-element-11b5999 elementor-hidden-desktop elementor-widget elementor-widget-image\" data-id=\"11b5999\" data-element_type=\"widget\" data-e-type=\"widget\" data-widget_type=\"image.default\">\n\t\t\t\t<div class=\"elementor-widget-container\">\n\t\t\t\t\t\t\t\t\t\t\t\t\t\t\t<img fetchpriority=\"high\" decoding=\"async\" width=\"800\" height=\"533\" src=\"https:\/\/bond-life.com\/wp-content\/uploads\/2024\/08\/dreamframe.jpg\" class=\"attachment-large size-large wp-image-2087\" alt=\"DREAMFRAME\" srcset=\"https:\/\/bond-life.com\/wp-content\/uploads\/2024\/08\/dreamframe.jpg 1800w, https:\/\/bond-life.com\/wp-content\/uploads\/2024\/08\/dreamframe-300x200.jpg 300w, https:\/\/bond-life.com\/wp-content\/uploads\/2024\/08\/dreamframe-768x512.jpg 768w, https:\/\/bond-life.com\/wp-content\/uploads\/2024\/08\/dreamframe-1536x1024.jpg 1536w, https:\/\/bond-life.com\/wp-content\/uploads\/2024\/08\/dreamframe-18x12.jpg 18w, https:\/\/bond-life.com\/wp-content\/uploads\/2024\/08\/dreamframe-600x400.jpg 600w\" sizes=\"(max-width: 800px) 100vw, 800px\" title=\"\">\t\t\t\t\t\t\t\t\t\t\t\t\t\t\t<\/div>\n\t\t\t\t<\/div>\n\t\t\t\t<div class=\"elementor-element elementor-element-25cc766 elementor-widget elementor-widget-heading\" data-id=\"25cc766\" data-element_type=\"widget\" data-e-type=\"widget\" data-widget_type=\"heading.default\">\n\t\t\t\t<div class=\"elementor-widget-container\">\n\t\t\t\t\t<h2 class=\"elementor-heading-title elementor-size-default\">Er schwebt \u00fcber dem Bett wie eine leise Einladung zum Innehalten. Ein feiner Rahmen f\u00fcr all das, was sonst im Trubel des Alltags verloren geht: N\u00e4he, Stille, Geborgenheit. DREAMFRAME schafft einen Raum im Raum \u2013 weich umh\u00fcllt von transparenten Stoffen, durchzogen von sanftem Licht. Ein Raum, der nicht fragt, was drau\u00dfen geschieht \u2013 sondern den Moment in den Mittelpunkt r\u00fcckt. Die leichten Bahnen filtern den Alltag heraus und lassen nur das Wesentliche zur\u00fcck: Zweisamkeit, Ruhe, Vertrautheit. DREAMFRAME ist mehr als Beleuchtung \u2013 er ist Atmosph\u00e4re. Ein Ort, der umh\u00fcllt statt ausleuchtet. Der nicht aufdr\u00e4ngt, sondern einl\u00e4dt. Er l\u00e4dt zum Loslassen ein \u2013 vom Tag, von der Geschwindigkeit, vom M\u00fcssen. Mal sinnlich, mal beruhigend \u2013 wie ein Gef\u00fchl von Geborgenheit, das leise unter die Haut geht.<\/h2>\t\t\t\t<\/div>\n\t\t\t\t<\/div>\n\t\t\t\t<div class=\"elementor-element elementor-element-695bdef e-n-tabs-mobile elementor-widget elementor-widget-n-tabs\" data-id=\"695bdef\" data-element_type=\"widget\" data-e-type=\"widget\" data-settings=\"{&quot;tabs_justify_horizontal&quot;:&quot;stretch&quot;,&quot;horizontal_scroll&quot;:&quot;disable&quot;}\" data-widget_type=\"nested-tabs.default\">\n\t\t\t\t<div class=\"elementor-widget-container\">\n\t\t\t\t\t\t\t<div class=\"e-n-tabs\" data-widget-number=\"110476783\" aria-label=\"Tabs. Open items with Enter or Space, close with Escape and navigate using the Arrow keys.\">\n\t\t\t<div class=\"e-n-tabs-heading\" role=\"tablist\">\n\t\t\t\t\t<button id=\"e-n-tab-title-1104767831\" data-tab-title-id=\"e-n-tab-title-1104767831\" class=\"e-n-tab-title\" aria-selected=\"true\" data-tab-index=\"1\" role=\"tab\" tabindex=\"0\" aria-controls=\"e-n-tab-content-1104767831\" style=\"--n-tabs-title-order: 1;\">\n\t\t\t\t\t\t<span class=\"e-n-tab-title-text\">\n\t\t\t\tMaterialien\t\t\t<\/span>\n\t\t<\/button>\n\t\t\t\t<button id=\"e-n-tab-title-1104767832\" data-tab-title-id=\"e-n-tab-title-1104767832\" class=\"e-n-tab-title\" aria-selected=\"false\" data-tab-index=\"2\" role=\"tab\" tabindex=\"-1\" aria-controls=\"e-n-tab-content-1104767832\" style=\"--n-tabs-title-order: 2;\">\n\t\t\t\t\t\t<span class=\"e-n-tab-title-text\">\n\t\t\t\tMa\u00dfen\t\t\t<\/span>\n\t\t<\/button>\n\t\t\t\t<button id=\"e-n-tab-title-1104767833\" data-tab-title-id=\"e-n-tab-title-1104767833\" class=\"e-n-tab-title\" aria-selected=\"false\" data-tab-index=\"3\" role=\"tab\" tabindex=\"-1\" aria-controls=\"e-n-tab-content-1104767833\" style=\"--n-tabs-title-order: 3;\">\n\t\t\t\t\t\t<span class=\"e-n-tab-title-text\">\n\t\t\t\tSteuerung\t\t\t<\/span>\n\t\t<\/button>\n\t\t\t\t<button id=\"e-n-tab-title-1104767834\" data-tab-title-id=\"e-n-tab-title-1104767834\" class=\"e-n-tab-title\" aria-selected=\"false\" data-tab-index=\"4\" role=\"tab\" tabindex=\"-1\" aria-controls=\"e-n-tab-content-1104767834\" style=\"--n-tabs-title-order: 4;\">\n\t\t\t\t\t\t<span class=\"e-n-tab-title-text\">\n\t\t\t\tMontage\t\t\t<\/span>\n\t\t<\/button>\n\t\t\t\t\t<\/div>\n\t\t\t<div class=\"e-n-tabs-content\">\n\t\t\t\t<div id=\"e-n-tab-content-1104767831\" role=\"tabpanel\" aria-labelledby=\"e-n-tab-title-1104767831\" data-tab-index=\"1\" style=\"--n-tabs-title-order: 1;\" class=\"e-active elementor-element elementor-element-9575afb e-con-full e-flex e-con e-child\" data-id=\"9575afb\" data-element_type=\"container\" data-e-type=\"container\">\n\t\t\t\t<div class=\"elementor-element elementor-element-efc4582 elementor-widget elementor-widget-text-editor\" data-id=\"efc4582\" data-element_type=\"widget\" data-e-type=\"widget\" data-widget_type=\"text-editor.default\">\n\t\t\t\t<div class=\"elementor-widget-container\">\n\t\t\t\t\t\t\t\t\t<ul><li>Aluminiumprofil in Schwarz \/ Wei\u00df \/ Messing \/ Ros\u00e9 eloxiert und Sonderfarben<\/li><li>Hochwertige LED-Technik (Millionen Farben und echter Wei\u00dfkanal)<\/li><li>Stoff: halbtransparente Fl\u00e4chenvorh\u00e4nge in verschiedenen Farben<\/li><\/ul>\t\t\t\t\t\t\t\t<\/div>\n\t\t\t\t<\/div>\n\t\t\t\t<\/div>\n\t\t<div id=\"e-n-tab-content-1104767832\" role=\"tabpanel\" aria-labelledby=\"e-n-tab-title-1104767832\" data-tab-index=\"2\" style=\"--n-tabs-title-order: 2;\" class=\" elementor-element elementor-element-77718a1 e-con-full e-flex e-con e-child\" data-id=\"77718a1\" data-element_type=\"container\" data-e-type=\"container\">\n\t\t\t\t<div class=\"elementor-element elementor-element-b22da65 elementor-widget elementor-widget-text-editor\" data-id=\"b22da65\" data-element_type=\"widget\" data-e-type=\"widget\" data-widget_type=\"text-editor.default\">\n\t\t\t\t<div class=\"elementor-widget-container\">\n\t\t\t\t\t\t\t\t\t<ul><li>Rahmen: 200 x 200 cm \/ 220 x 200 cm (Sonderma\u00dfe bis 300 cm m\u00f6glich)<\/li><li>H\u00f6he der Stoffbahnen: variabel (je nach Raumh\u00f6he)<\/li><\/ul>\t\t\t\t\t\t\t\t<\/div>\n\t\t\t\t<\/div>\n\t\t\t\t<\/div>\n\t\t<div id=\"e-n-tab-content-1104767833\" role=\"tabpanel\" aria-labelledby=\"e-n-tab-title-1104767833\" data-tab-index=\"3\" style=\"--n-tabs-title-order: 3;\" class=\" elementor-element elementor-element-24e771c e-con-full e-flex e-con e-child\" data-id=\"24e771c\" data-element_type=\"container\" data-e-type=\"container\">\n\t\t\t\t<div class=\"elementor-element elementor-element-215e0b6 elementor-widget elementor-widget-text-editor\" data-id=\"215e0b6\" data-element_type=\"widget\" data-e-type=\"widget\" data-widget_type=\"text-editor.default\">\n\t\t\t\t<div class=\"elementor-widget-container\">\n\t\t\t\t\t\t\t\t\t<ul><li>Integration in g\u00e4ngige SmartHome-Systeme oder Steuerung \u00fcber App<\/li><li>Szenensteuerung mit flie\u00dfenden \u00dcberg\u00e4ngen<\/li><\/ul>\t\t\t\t\t\t\t\t<\/div>\n\t\t\t\t<\/div>\n\t\t\t\t<\/div>\n\t\t<div id=\"e-n-tab-content-1104767834\" role=\"tabpanel\" aria-labelledby=\"e-n-tab-title-1104767834\" data-tab-index=\"4\" style=\"--n-tabs-title-order: 4;\" class=\" elementor-element elementor-element-d4b54fa e-flex e-con-boxed e-con e-child\" data-id=\"d4b54fa\" data-element_type=\"container\" data-e-type=\"container\">\n\t\t\t\t\t<div class=\"e-con-inner\">\n\t\t\t\t<div class=\"elementor-element elementor-element-9eb3b4d elementor-widget elementor-widget-text-editor\" data-id=\"9eb3b4d\" data-element_type=\"widget\" data-e-type=\"widget\" data-widget_type=\"text-editor.default\">\n\t\t\t\t<div class=\"elementor-widget-container\">\n\t\t\t\t\t\t\t\t\t<ul><li>Deckenabh\u00e4ngung mit feiner Drahtseilf\u00fchrung<\/li><li>bewegbare Stoffbahnen unsichtbar befestigt mit Abrissschutz<\/li><li>Montage durch BOND Team vor Ort<\/li><\/ul>\t\t\t\t\t\t\t\t<\/div>\n\t\t\t\t<\/div>\n\t\t\t\t\t<\/div>\n\t\t\t\t<\/div>\n\t\t\t\t\t<\/div>\n\t\t<\/div>\n\t\t\t\t\t\t<\/div>\n\t\t\t\t<\/div>\n\t\t\t\t<div class=\"elementor-element elementor-element-a2c001d elementor-widget elementor-widget-text-editor\" data-id=\"a2c001d\" data-element_type=\"widget\" data-e-type=\"widget\" data-widget_type=\"text-editor.default\">\n\t\t\t\t<div class=\"elementor-widget-container\">\n\t\t\t\t\t\t\t\t\t<p>Jeder DREAMFRAME ist eine individuelle Ma\u00dfanfertigung \u2013 in Material, Stoff und Proportion exakt auf Ihre W\u00fcnsche abgestimmt.<\/p><p><strong>Preis auf Anfrage<\/strong><\/p>\t\t\t\t\t\t\t\t<\/div>\n\t\t\t\t<\/div>\n\t\t\t\t<\/div>\n\t\t\t\t<\/div>\n\t\t\t\t\t<\/div>\n\t\t\t\t<\/div>\n\t\t<div class=\"elementor-element elementor-element-f8f6236 e-flex e-con-boxed e-con e-parent\" data-id=\"f8f6236\" data-element_type=\"container\" data-e-type=\"container\" data-settings=\"{&quot;background_background&quot;:&quot;gradient&quot;}\">\n\t\t\t\t\t<div class=\"e-con-inner\">\n\t\t<div class=\"elementor-element elementor-element-e7bf89e e-con-full e-flex e-con e-child\" data-id=\"e7bf89e\" data-element_type=\"container\" data-e-type=\"container\">\n\t\t\t\t<div class=\"elementor-element elementor-element-fa8f800 elementor-widget elementor-widget-heading\" data-id=\"fa8f800\" data-element_type=\"widget\" data-e-type=\"widget\" data-widget_type=\"heading.default\">\n\t\t\t\t<div class=\"elementor-widget-container\">\n\t\t\t\t\t<h2 class=\"elementor-heading-title elementor-size-default\">Let\u00b4s make it unique!<\/h2>\t\t\t\t<\/div>\n\t\t\t\t<\/div>\n\t\t\t\t<\/div>\n\t\t<div class=\"elementor-element elementor-element-098b7e0 e-con-full e-flex e-con e-child\" data-id=\"098b7e0\" data-element_type=\"container\" data-e-type=\"container\">\n\t\t\t\t<div class=\"elementor-element elementor-element-6a7218d elementor-widget elementor-widget-heading\" data-id=\"6a7218d\" data-element_type=\"widget\" data-e-type=\"widget\" data-widget_type=\"heading.default\">\n\t\t\t\t<div class=\"elementor-widget-container\">\n\t\t\t\t\t<h3 class=\"elementor-heading-title elementor-size-default\">Lassen Sie sich pers\u00f6nlich zu Ihrem DREAMFRAME beraten.<\/h3>\t\t\t\t<\/div>\n\t\t\t\t<\/div>\n\t\t<div class=\"elementor-element elementor-element-a5ca3ff e-grid e-con-full e-con e-child\" data-id=\"a5ca3ff\" data-element_type=\"container\" data-e-type=\"container\">\n\t\t\t\t<div class=\"elementor-element elementor-element-33976c8 elementor-widget elementor-widget-text-editor\" data-id=\"33976c8\" data-element_type=\"widget\" data-e-type=\"widget\" data-widget_type=\"text-editor.default\">\n\t\t\t\t<div class=\"elementor-widget-container\">\n\t\t\t\t\t\t\t\t\t<p><i class=\"fas fa-phone-alt\"><\/i> +49 211 98948012<\/p>\t\t\t\t\t\t\t\t<\/div>\n\t\t\t\t<\/div>\n\t\t\t\t<div class=\"elementor-element elementor-element-eedc58f elementor-widget elementor-widget-text-editor\" data-id=\"eedc58f\" data-element_type=\"widget\" data-e-type=\"widget\" data-widget_type=\"text-editor.default\">\n\t\t\t\t<div class=\"elementor-widget-container\">\n\t\t\t\t\t\t\t\t\t<p><i class=\"fas fa-envelope\"><\/i> info@bond-life.com<\/p>\t\t\t\t\t\t\t\t<\/div>\n\t\t\t\t<\/div>\n\t\t\t\t<\/div>\n\t\t\t\t<\/div>\n\t\t<div class=\"elementor-element elementor-element-1a46abd e-con-full e-flex e-con e-child\" data-id=\"1a46abd\" data-element_type=\"container\" data-e-type=\"container\">\n\t\t<div class=\"elementor-element elementor-element-7c38065 e-con-full e-flex e-con e-child\" data-id=\"7c38065\" data-element_type=\"container\" data-e-type=\"container\" data-settings=\"{&quot;background_background&quot;:&quot;gradient&quot;}\">\n\t\t\t\t<div class=\"elementor-element elementor-element-fa2c977 elementor-widget elementor-widget-heading\" data-id=\"fa2c977\" data-element_type=\"widget\" data-e-type=\"widget\" data-widget_type=\"heading.default\">\n\t\t\t\t<div class=\"elementor-widget-container\">\n\t\t\t\t\t<h3 class=\"elementor-heading-title elementor-size-default\">Beratung gew\u00fcnscht?<\/h3>\t\t\t\t<\/div>\n\t\t\t\t<\/div>\n\t\t\t\t<div class=\"elementor-element elementor-element-8ac5821 elementor-button-align-stretch elementor-widget elementor-widget-form\" data-id=\"8ac5821\" data-element_type=\"widget\" data-e-type=\"widget\" data-settings=\"{&quot;step_next_label&quot;:&quot;Next&quot;,&quot;step_previous_label&quot;:&quot;Previous&quot;,&quot;button_width&quot;:&quot;100&quot;,&quot;step_type&quot;:&quot;number_text&quot;,&quot;step_icon_shape&quot;:&quot;circle&quot;}\" data-widget_type=\"form.default\">\n\t\t\t\t<div class=\"elementor-widget-container\">\n\t\t\t\t\t\t\t<form class=\"elementor-form\" method=\"post\" name=\"New Form\" aria-label=\"New Form\">\n\t\t\t<input type=\"hidden\" name=\"post_id\" value=\"2972\"\/>\n\t\t\t<input type=\"hidden\" name=\"form_id\" value=\"8ac5821\"\/>\n\t\t\t<input type=\"hidden\" name=\"referer_title\" value=\"DREAMFRAME - Ambientebeleuchtung f\u00fcr besondere Momente\" \/>\n\n\t\t\t\t\t\t\t<input type=\"hidden\" name=\"queried_id\" value=\"2972\"\/>\n\t\t\t\n\t\t\t<div class=\"elementor-form-fields-wrapper elementor-labels-above\">\n\t\t\t\t\t\t\t\t<div class=\"elementor-field-type-text elementor-field-group elementor-column elementor-field-group-name elementor-col-100 elementor-field-required elementor-mark-required\">\n\t\t\t\t\t\t\t\t\t\t\t\t\t<input size=\"1\" type=\"text\" name=\"form_fields[name]\" id=\"form-field-name\" class=\"elementor-field elementor-size-xs  elementor-field-textual\" placeholder=\"Name\" required=\"required\">\n\t\t\t\t\t\t\t\t\t\t\t<\/div>\n\t\t\t\t\t\t\t\t<div class=\"elementor-field-type-email elementor-field-group elementor-column elementor-field-group-email elementor-col-100 elementor-field-required elementor-mark-required\">\n\t\t\t\t\t\t\t\t\t\t\t\t\t<input size=\"1\" type=\"email\" name=\"form_fields[email]\" id=\"form-field-email\" class=\"elementor-field elementor-size-xs  elementor-field-textual\" placeholder=\"E-Mail\" required=\"required\">\n\t\t\t\t\t\t\t\t\t\t\t<\/div>\n\t\t\t\t\t\t\t\t<div class=\"elementor-field-type-textarea elementor-field-group elementor-column elementor-field-group-message elementor-col-100\">\n\t\t\t\t\t<textarea class=\"elementor-field-textual elementor-field  elementor-size-xs\" name=\"form_fields[message]\" id=\"form-field-message\" rows=\"3\" placeholder=\"Nachricht\"><\/textarea>\t\t\t\t<\/div>\n\t\t\t\t\t\t\t\t<div class=\"elementor-field-group elementor-column elementor-field-type-submit elementor-col-100 e-form__buttons\">\n\t\t\t\t\t<button class=\"elementor-button elementor-size-md\" type=\"submit\">\n\t\t\t\t\t\t<span class=\"elementor-button-content-wrapper\">\n\t\t\t\t\t\t\t\t\t\t\t\t\t\t\t\t\t\t\t\t\t\t<span class=\"elementor-button-text\">Absenden<\/span>\n\t\t\t\t\t\t\t\t\t\t\t\t\t<\/span>\n\t\t\t\t\t<\/button>\n\t\t\t\t<\/div>\n\t\t\t<\/div>\n\t\t<\/form>\n\t\t\t\t\t\t<\/div>\n\t\t\t\t<\/div>\n\t\t\t\t<\/div>\n\t\t\t\t<\/div>\n\t\t\t\t\t<\/div>\n\t\t\t\t<\/div>\n\t\t\t\t<section class=\"elementor-section elementor-top-section elementor-element elementor-element-e5a4f02 elementor-section-full_width elementor-section-height-default elementor-section-height-default\" data-id=\"e5a4f02\" data-element_type=\"section\" data-e-type=\"section\">\n\t\t\t\t\t\t<div class=\"elementor-container elementor-column-gap-default\">\n\t\t\t\t\t<div class=\"elementor-column elementor-col-100 elementor-top-column elementor-element elementor-element-94a43ee\" data-id=\"94a43ee\" data-element_type=\"column\" data-e-type=\"column\">\n\t\t\t<div class=\"elementor-widget-wrap elementor-element-populated\">\n\t\t\t\t\t\t<div class=\"elementor-element elementor-element-34f7308 elementor-widget-divider--view-line_icon elementor-view-default elementor-widget-divider--element-align-center elementor-widget elementor-widget-divider\" data-id=\"34f7308\" data-element_type=\"widget\" data-e-type=\"widget\" data-widget_type=\"divider.default\">\n\t\t\t\t<div class=\"elementor-widget-container\">\n\t\t\t\t\t\t\t<div class=\"elementor-divider\">\n\t\t\t<span class=\"elementor-divider-separator\">\n\t\t\t\t\t\t\t<div class=\"elementor-icon elementor-divider__element\">\n\t\t\t\t\t<svg xmlns=\"http:\/\/www.w3.org\/2000\/svg\" id=\"Ebene_1\" viewBox=\"0 0 877.16 731.67\"><path d=\"M438.72,329.28L0,0,.11,731.34,438.94,402.39l438.22,329.28V.28L438.72,329.28ZM58.73,615.74l.17-500.04,332.26,250.35L58.73,615.74Zm761.04-.17l-332.83-249.69L820.02,115.62l-.25,499.95Z\"><\/path><\/svg><\/div>\n\t\t\t\t\t\t<\/span>\n\t\t<\/div>\n\t\t\t\t\t\t<\/div>\n\t\t\t\t<\/div>\n\t\t\t\t\t<\/div>\n\t\t<\/div>\n\t\t\t\t\t<\/div>\n\t\t<\/section>\n\t\t\t\t<\/div>\n\t\t","protected":false},"excerpt":{"rendered":"<p>BOND | Unique Homes \u00ae \/\/\/ Produktentwicklung \/\/\/ DREAMFRAME DREAMFRAME Ambienteleuchte Erleben Sie, wie Licht Geborgenheit schafft. Er schwebt \u00fcber dem Bett wie eine leise Einladung zum Innehalten. Ein feiner Rahmen f\u00fcr all das, was sonst im Trubel des Alltags verloren geht: N\u00e4he, Stille, Geborgenheit. DREAMFRAME schafft einen Raum im Raum \u2013 weich umh\u00fcllt von [&hellip;]<\/p>\n","protected":false},"author":1,"featured_media":0,"parent":0,"menu_order":0,"comment_status":"closed","ping_status":"closed","template":"elementor_header_footer","meta":{"footnotes":""},"class_list":["post-2972","page","type-page","status-publish","hentry"],"_links":{"self":[{"href":"https:\/\/bond-life.com\/en\/wp-json\/wp\/v2\/pages\/2972","targetHints":{"allow":["GET"]}}],"collection":[{"href":"https:\/\/bond-life.com\/en\/wp-json\/wp\/v2\/pages"}],"about":[{"href":"https:\/\/bond-life.com\/en\/wp-json\/wp\/v2\/types\/page"}],"author":[{"embeddable":true,"href":"https:\/\/bond-life.com\/en\/wp-json\/wp\/v2\/users\/1"}],"replies":[{"embeddable":true,"href":"https:\/\/bond-life.com\/en\/wp-json\/wp\/v2\/comments?post=2972"}],"version-history":[{"count":61,"href":"https:\/\/bond-life.com\/en\/wp-json\/wp\/v2\/pages\/2972\/revisions"}],"predecessor-version":[{"id":3572,"href":"https:\/\/bond-life.com\/en\/wp-json\/wp\/v2\/pages\/2972\/revisions\/3572"}],"wp:attachment":[{"href":"https:\/\/bond-life.com\/en\/wp-json\/wp\/v2\/media?parent=2972"}],"curies":[{"name":"wp","href":"https:\/\/api.w.org\/{rel}","templated":true}]}}