{"id":1797,"date":"2024-08-07T20:49:56","date_gmt":"2024-08-07T20:49:56","guid":{"rendered":"https:\/\/bond-life.com\/?page_id=1797"},"modified":"2025-07-16T14:35:59","modified_gmt":"2025-07-16T14:35:59","slug":"blog","status":"publish","type":"page","link":"https:\/\/bond-life.com\/en\/blog\/","title":{"rendered":"Behind the Curtain &#8211; Der BOND | Unique Homes \u00ae Blog"},"content":{"rendered":"<div data-elementor-type=\"wp-page\" data-elementor-id=\"1797\" class=\"elementor elementor-1797\" data-elementor-post-type=\"page\">\n\t\t\t\t\t\t<section class=\"elementor-section elementor-top-section elementor-element elementor-element-67ccf53 elementor-section-boxed elementor-section-height-default elementor-section-height-default\" data-id=\"67ccf53\" data-element_type=\"section\" data-e-type=\"section\" data-settings=\"{&quot;background_background&quot;:&quot;gradient&quot;}\">\n\t\t\t\t\t\t<div class=\"elementor-container elementor-column-gap-default\">\n\t\t\t\t\t<div class=\"elementor-column elementor-col-100 elementor-top-column elementor-element elementor-element-2a62726\" data-id=\"2a62726\" data-element_type=\"column\" data-e-type=\"column\">\n\t\t\t<div class=\"elementor-widget-wrap elementor-element-populated\">\n\t\t\t\t\t\t<div class=\"elementor-element elementor-element-85d8427 elementor-widget elementor-widget-heading\" data-id=\"85d8427\" data-element_type=\"widget\" data-e-type=\"widget\" data-widget_type=\"heading.default\">\n\t\t\t\t<div class=\"elementor-widget-container\">\n\t\t\t\t\t<h1 class=\"elementor-heading-title elementor-size-default\">Behind the Curtain<\/h1>\t\t\t\t<\/div>\n\t\t\t\t<\/div>\n\t\t\t\t<div class=\"elementor-element elementor-element-f090a64 elementor-widget elementor-widget-heading\" data-id=\"f090a64\" data-element_type=\"widget\" data-e-type=\"widget\" data-widget_type=\"heading.default\">\n\t\t\t\t<div class=\"elementor-widget-container\">\n\t\t\t\t\t<h2 class=\"elementor-heading-title elementor-size-default\">BOND | Unique Homes \u00ae Blog<\/h2>\t\t\t\t<\/div>\n\t\t\t\t<\/div>\n\t\t\t\t\t<\/div>\n\t\t<\/div>\n\t\t\t\t\t<\/div>\n\t\t<\/section>\n\t\t\t\t<section class=\"elementor-section elementor-top-section elementor-element elementor-element-5554119 elementor-section-full_width elementor-section-height-min-height elementor-section-height-default elementor-section-items-middle\" data-id=\"5554119\" data-element_type=\"section\" data-e-type=\"section\" data-settings=\"{&quot;background_background&quot;:&quot;classic&quot;}\">\n\t\t\t\t\t\t\t<div class=\"elementor-background-overlay\"><\/div>\n\t\t\t\t\t\t\t<div class=\"elementor-container elementor-column-gap-default\">\n\t\t\t\t\t<div class=\"elementor-column elementor-col-100 elementor-top-column elementor-element elementor-element-11057ac\" data-id=\"11057ac\" data-element_type=\"column\" data-e-type=\"column\">\n\t\t\t<div class=\"elementor-widget-wrap elementor-element-populated\">\n\t\t\t\t\t\t<div class=\"elementor-element elementor-element-e654d24 elementor-widget elementor-widget-heading\" data-id=\"e654d24\" data-element_type=\"widget\" data-e-type=\"widget\" data-widget_type=\"heading.default\">\n\t\t\t\t<div class=\"elementor-widget-container\">\n\t\t\t\t\t<p class=\"elementor-heading-title elementor-size-default\">Der BOND Blog \u2013 Ihre exklusive Quelle f\u00fcr Einblicke in das Wohnen von morgen.\nEntdecken Sie zukunftsweisende Trends, innovative L\u00f6sungen und inspirierende Ideen, die Ihr Wohnerlebnis auf ein neues Niveau heben.<\/p>\t\t\t\t<\/div>\n\t\t\t\t<\/div>\n\t\t\t\t\t<\/div>\n\t\t<\/div>\n\t\t\t\t\t<\/div>\n\t\t<\/section>\n\t\t\t\t<section class=\"elementor-section elementor-top-section elementor-element elementor-element-1f318ec elementor-section-boxed elementor-section-height-default elementor-section-height-default\" data-id=\"1f318ec\" data-element_type=\"section\" data-e-type=\"section\" data-settings=\"{&quot;background_background&quot;:&quot;gradient&quot;}\">\n\t\t\t\t\t\t<div class=\"elementor-container elementor-column-gap-default\">\n\t\t\t\t\t<div class=\"elementor-column elementor-col-100 elementor-top-column elementor-element elementor-element-408d697\" data-id=\"408d697\" data-element_type=\"column\" data-e-type=\"column\">\n\t\t\t<div class=\"elementor-widget-wrap elementor-element-populated\">\n\t\t\t\t\t\t<div class=\"elementor-element elementor-element-b63bfd0 elementor-posts--align-center elementor-grid-3 elementor-grid-tablet-2 elementor-grid-mobile-1 elementor-posts--thumbnail-top elementor-widget elementor-widget-posts\" data-id=\"b63bfd0\" data-element_type=\"widget\" data-e-type=\"widget\" data-settings=\"{&quot;classic_row_gap_mobile&quot;:{&quot;unit&quot;:&quot;px&quot;,&quot;size&quot;:75,&quot;sizes&quot;:[]},&quot;classic_columns&quot;:&quot;3&quot;,&quot;classic_columns_tablet&quot;:&quot;2&quot;,&quot;classic_columns_mobile&quot;:&quot;1&quot;,&quot;classic_row_gap&quot;:{&quot;unit&quot;:&quot;px&quot;,&quot;size&quot;:35,&quot;sizes&quot;:[]},&quot;classic_row_gap_tablet&quot;:{&quot;unit&quot;:&quot;px&quot;,&quot;size&quot;:&quot;&quot;,&quot;sizes&quot;:[]}}\" data-widget_type=\"posts.classic\">\n\t\t\t\t<div class=\"elementor-widget-container\">\n\t\t\t\t\t\t\t<div class=\"elementor-posts-container elementor-posts elementor-posts--skin-classic elementor-grid\" role=\"list\">\n\t\t\t\t<article class=\"elementor-post elementor-grid-item post-3536 post type-post status-publish format-standard has-post-thumbnail hentry category-artikel tag-garage tag-raumgestaltung\" role=\"listitem\">\n\t\t\t\t<a class=\"elementor-post__thumbnail__link\" href=\"https:\/\/bond-life.com\/en\/emotionale-raumgestaltung\/\" tabindex=\"-1\">\n\t\t\t<div class=\"elementor-post__thumbnail\"><img fetchpriority=\"high\" decoding=\"async\" width=\"768\" height=\"432\" src=\"https:\/\/bond-life.com\/wp-content\/uploads\/2025\/07\/raumgestaltung-mit-emotionaler-tiefe-768x432.jpg\" class=\"attachment-medium_large size-medium_large wp-image-3537\" alt=\"Raumgestaltung mit emotionaler Tiefe\" title=\"\" srcset=\"https:\/\/bond-life.com\/wp-content\/uploads\/2025\/07\/raumgestaltung-mit-emotionaler-tiefe-768x432.jpg 768w, https:\/\/bond-life.com\/wp-content\/uploads\/2025\/07\/raumgestaltung-mit-emotionaler-tiefe-300x169.jpg 300w, https:\/\/bond-life.com\/wp-content\/uploads\/2025\/07\/raumgestaltung-mit-emotionaler-tiefe-18x10.jpg 18w, https:\/\/bond-life.com\/wp-content\/uploads\/2025\/07\/raumgestaltung-mit-emotionaler-tiefe.jpg 1200w\" sizes=\"(max-width: 768px) 100vw, 768px\" \/><\/div>\n\t\t<\/a>\n\t\t\t\t<div class=\"elementor-post__text\">\n\t\t\t\t<h2 class=\"elementor-post__title\">\n\t\t\t<a href=\"https:\/\/bond-life.com\/en\/emotionale-raumgestaltung\/\">\n\t\t\t\tRaumgestaltung mit emotionaler Tiefe &#8211; R\u00e4ume, die ber\u00fchren\t\t\t<\/a>\n\t\t<\/h2>\n\t\t\t\t<div class=\"elementor-post__excerpt\">\n\t\t\t<p>Eine Doppelgarage. Zwei Stellpl\u00e4tze, vier W\u00e4nde, ein Tor \u2013 scheinbar nur ein funktionaler Raum. Banal. Allt\u00e4glich. Doch wir sehen mehr. Wir sehen zwei Menschen, die jeden Tag hier ankommen. Wir verstehen, was ihnen wichtig ist. Und daraus entsteht etwas Au\u00dfergew\u00f6hnliches: Ein Raum, der ihre Liebe w\u00fcrdigt. Dieses Projekt erz\u00e4hlt die<\/p>\n\t\t<\/div>\n\t\t\t\t\t<div class=\"elementor-post__read-more-wrapper\">\n\t\t\n\t\t<a class=\"elementor-post__read-more\" href=\"https:\/\/bond-life.com\/en\/emotionale-raumgestaltung\/\" aria-label=\"Read more about Raumgestaltung mit emotionaler Tiefe &#8211; R\u00e4ume, die ber\u00fchren\" tabindex=\"-1\">\n\t\t\t...Read more\t\t<\/a>\n\n\t\t\t\t\t<\/div>\n\t\t\t\t<\/div>\n\t\t\t\t<\/article>\n\t\t\t\t<article class=\"elementor-post elementor-grid-item post-2807 post type-post status-publish format-standard has-post-thumbnail hentry category-artikel\" role=\"listitem\">\n\t\t\t\t<a class=\"elementor-post__thumbnail__link\" href=\"https:\/\/bond-life.com\/en\/gartengestaltung\/\" tabindex=\"-1\">\n\t\t\t<div class=\"elementor-post__thumbnail\"><img decoding=\"async\" width=\"768\" height=\"432\" src=\"https:\/\/bond-life.com\/wp-content\/uploads\/2025\/07\/gartengestaltung-768x432.jpg\" class=\"attachment-medium_large size-medium_large wp-image-2809\" alt=\"Gartengestaltung\" title=\"\" srcset=\"https:\/\/bond-life.com\/wp-content\/uploads\/2025\/07\/gartengestaltung-768x432.jpg 768w, https:\/\/bond-life.com\/wp-content\/uploads\/2025\/07\/gartengestaltung-300x169.jpg 300w, https:\/\/bond-life.com\/wp-content\/uploads\/2025\/07\/gartengestaltung-18x10.jpg 18w, https:\/\/bond-life.com\/wp-content\/uploads\/2025\/07\/gartengestaltung.jpg 1200w\" sizes=\"(max-width: 768px) 100vw, 768px\" \/><\/div>\n\t\t<\/a>\n\t\t\t\t<div class=\"elementor-post__text\">\n\t\t\t\t<h2 class=\"elementor-post__title\">\n\t\t\t<a href=\"https:\/\/bond-life.com\/en\/gartengestaltung\/\">\n\t\t\t\tThe Connected Garden \u2013 Outdoor Living, Redefined\t\t\t<\/a>\n\t\t<\/h2>\n\t\t\t\t<div class=\"elementor-post__excerpt\">\n\t\t\t<p>Wer seinen Garten neu denkt, plant mehr als Gr\u00fcnfl\u00e4chen und Wege. Der Au\u00dfenbereich wird zum erweiterten Wohnraum \u2013 ein Ort f\u00fcr Ruhe, Begegnung und besondere Momente. So wie das Haus l\u00e4ngst smart geworden ist, ist auch der moderne Garten intelligent vernetzt. Heute funktionieren Au\u00dfenbereiche anders als klassische G\u00e4rten: Sie bieten<\/p>\n\t\t<\/div>\n\t\t\t\t\t<div class=\"elementor-post__read-more-wrapper\">\n\t\t\n\t\t<a class=\"elementor-post__read-more\" href=\"https:\/\/bond-life.com\/en\/gartengestaltung\/\" aria-label=\"Read more about Der vernetzte Garten \u2013 Gartengestaltung in der neuen Zeit\" tabindex=\"-1\">\n\t\t\t...Read more\t\t<\/a>\n\n\t\t\t\t\t<\/div>\n\t\t\t\t<\/div>\n\t\t\t\t<\/article>\n\t\t\t\t<article class=\"elementor-post elementor-grid-item post-2181 post type-post status-publish format-standard has-post-thumbnail hentry category-artikel\" role=\"listitem\">\n\t\t\t\t<a class=\"elementor-post__thumbnail__link\" href=\"https:\/\/bond-life.com\/en\/outdoor-heimkino\/\" tabindex=\"-1\">\n\t\t\t<div class=\"elementor-post__thumbnail\"><img decoding=\"async\" width=\"768\" height=\"432\" src=\"https:\/\/bond-life.com\/wp-content\/uploads\/2024\/08\/outdoor-heimkino-768x432.jpg\" class=\"attachment-medium_large size-medium_large wp-image-2183\" alt=\"Outdoor Heimkino\" title=\"\" srcset=\"https:\/\/bond-life.com\/wp-content\/uploads\/2024\/08\/outdoor-heimkino-768x432.jpg 768w, https:\/\/bond-life.com\/wp-content\/uploads\/2024\/08\/outdoor-heimkino-300x169.jpg 300w, https:\/\/bond-life.com\/wp-content\/uploads\/2024\/08\/outdoor-heimkino-18x10.jpg 18w, https:\/\/bond-life.com\/wp-content\/uploads\/2024\/08\/outdoor-heimkino.jpg 1200w\" sizes=\"(max-width: 768px) 100vw, 768px\" \/><\/div>\n\t\t<\/a>\n\t\t\t\t<div class=\"elementor-post__text\">\n\t\t\t\t<h2 class=\"elementor-post__title\">\n\t\t\t<a href=\"https:\/\/bond-life.com\/en\/outdoor-heimkino\/\">\n\t\t\t\tOutdoor Home Cinema: Unforgettable Moments Under the Open Sky\t\t\t<\/a>\n\t\t<\/h2>\n\t\t\t\t<div class=\"elementor-post__excerpt\">\n\t\t\t<p>It is the special moments in life that make up for the stress of everyday life. Sharing and experiencing these moments together is what makes them truly special - and the memories are everlasting. An outdoor home cinema offers precisely this opportunity to create and enjoy such moments with your loved ones.<\/p>\n\t\t<\/div>\n\t\t\t\t\t<div class=\"elementor-post__read-more-wrapper\">\n\t\t\n\t\t<a class=\"elementor-post__read-more\" href=\"https:\/\/bond-life.com\/en\/outdoor-heimkino\/\" aria-label=\"Read more about Outdoor-Heimkino: Unvergessliche Momente unter freiem Himmel\" tabindex=\"-1\">\n\t\t\t...Read more\t\t<\/a>\n\n\t\t\t\t\t<\/div>\n\t\t\t\t<\/div>\n\t\t\t\t<\/article>\n\t\t\t\t<article class=\"elementor-post elementor-grid-item post-1985 post type-post status-publish format-standard has-post-thumbnail hentry category-artikel\" role=\"listitem\">\n\t\t\t\t<a class=\"elementor-post__thumbnail__link\" href=\"https:\/\/bond-life.com\/en\/exklusives-heimkino\/\" tabindex=\"-1\">\n\t\t\t<div class=\"elementor-post__thumbnail\"><img loading=\"lazy\" decoding=\"async\" width=\"768\" height=\"432\" src=\"https:\/\/bond-life.com\/wp-content\/uploads\/2024\/08\/exklusives-heimkino-2-768x432.jpg\" class=\"attachment-medium_large size-medium_large wp-image-2010\" alt=\"Exklusives Heimkino\" title=\"\" srcset=\"https:\/\/bond-life.com\/wp-content\/uploads\/2024\/08\/exklusives-heimkino-2-768x432.jpg 768w, https:\/\/bond-life.com\/wp-content\/uploads\/2024\/08\/exklusives-heimkino-2-300x169.jpg 300w, https:\/\/bond-life.com\/wp-content\/uploads\/2024\/08\/exklusives-heimkino-2-18x10.jpg 18w, https:\/\/bond-life.com\/wp-content\/uploads\/2024\/08\/exklusives-heimkino-2-600x338.jpg 600w, https:\/\/bond-life.com\/wp-content\/uploads\/2024\/08\/exklusives-heimkino-2.jpg 1200w\" sizes=\"(max-width: 768px) 100vw, 768px\" \/><\/div>\n\t\t<\/a>\n\t\t\t\t<div class=\"elementor-post__text\">\n\t\t\t\t<h2 class=\"elementor-post__title\">\n\t\t\t<a href=\"https:\/\/bond-life.com\/en\/exklusives-heimkino\/\">\n\t\t\t\tExclusive home cinema experience with BOND | Unique Homes \u00ae\t\t\t<\/a>\n\t\t<\/h2>\n\t\t\t\t<div class=\"elementor-post__excerpt\">\n\t\t\t<p>For true film lovers, an exclusive home cinema is often a long-held dream. At BOND | Unique Homes \u00ae, we are dedicated to making that dream a reality, precisely as you have envisioned it. With our expertise in designing and constructing exclusive home cinemas, we not only meet but consistently exceed your expectations, ...<\/p>\n\t\t<\/div>\n\t\t\t\t\t<div class=\"elementor-post__read-more-wrapper\">\n\t\t\n\t\t<a class=\"elementor-post__read-more\" href=\"https:\/\/bond-life.com\/en\/exklusives-heimkino\/\" aria-label=\"Read more about Exklusives Heimkino-Erlebnis mit BOND | Unique Homes \u00ae\" tabindex=\"-1\">\n\t\t\t...Read more\t\t<\/a>\n\n\t\t\t\t\t<\/div>\n\t\t\t\t<\/div>\n\t\t\t\t<\/article>\n\t\t\t\t<article class=\"elementor-post elementor-grid-item post-1939 post type-post status-publish format-standard has-post-thumbnail hentry category-artikel\" role=\"listitem\">\n\t\t\t\t<a class=\"elementor-post__thumbnail__link\" href=\"https:\/\/bond-life.com\/en\/high-tech-innenausbau\/\" tabindex=\"-1\">\n\t\t\t<div class=\"elementor-post__thumbnail\"><img loading=\"lazy\" decoding=\"async\" width=\"768\" height=\"432\" src=\"https:\/\/bond-life.com\/wp-content\/uploads\/2024\/08\/high-tech-innenausbau-768x432.jpg\" class=\"attachment-medium_large size-medium_large wp-image-1964\" alt=\"High-Tech-Innenausbau\" title=\"\" srcset=\"https:\/\/bond-life.com\/wp-content\/uploads\/2024\/08\/high-tech-innenausbau-768x432.jpg 768w, https:\/\/bond-life.com\/wp-content\/uploads\/2024\/08\/high-tech-innenausbau-300x169.jpg 300w, https:\/\/bond-life.com\/wp-content\/uploads\/2024\/08\/high-tech-innenausbau-18x10.jpg 18w, https:\/\/bond-life.com\/wp-content\/uploads\/2024\/08\/high-tech-innenausbau-600x338.jpg 600w, https:\/\/bond-life.com\/wp-content\/uploads\/2024\/08\/high-tech-innenausbau.jpg 1200w\" sizes=\"(max-width: 768px) 100vw, 768px\" \/><\/div>\n\t\t<\/a>\n\t\t\t\t<div class=\"elementor-post__text\">\n\t\t\t\t<h2 class=\"elementor-post__title\">\n\t\t\t<a href=\"https:\/\/bond-life.com\/en\/high-tech-innenausbau\/\">\n\t\t\t\tHigh-tech interior fittings - The world of BOND\t\t\t<\/a>\n\t\t<\/h2>\n\t\t\t\t<div class=\"elementor-post__excerpt\">\n\t\t\t<p>In a world where technology is transforming our daily lives, many aspire to a home that is not only visually stunning but also safe, comfortable, and highly versatile. BOND | Unique Homes \u00ae is setting new benchmarks in high-tech interiors, seamlessly blending cutting-edge technology with refined design. Discover how you can...<\/p>\n\t\t<\/div>\n\t\t\t\t\t<div class=\"elementor-post__read-more-wrapper\">\n\t\t\n\t\t<a class=\"elementor-post__read-more\" href=\"https:\/\/bond-life.com\/en\/high-tech-innenausbau\/\" aria-label=\"Read more about High-Tech-Innenausbau &#8211; Die Welt von BOND\" tabindex=\"-1\">\n\t\t\t...Read more\t\t<\/a>\n\n\t\t\t\t\t<\/div>\n\t\t\t\t<\/div>\n\t\t\t\t<\/article>\n\t\t\t\t<article class=\"elementor-post elementor-grid-item post-1810 post type-post status-publish format-standard has-post-thumbnail hentry category-artikel\" role=\"listitem\">\n\t\t\t\t<a class=\"elementor-post__thumbnail__link\" href=\"https:\/\/bond-life.com\/en\/traumgaragen\/\" tabindex=\"-1\">\n\t\t\t<div class=\"elementor-post__thumbnail\"><img loading=\"lazy\" decoding=\"async\" width=\"768\" height=\"432\" src=\"https:\/\/bond-life.com\/wp-content\/uploads\/2024\/08\/traumgaragen-1-768x432.jpg\" class=\"attachment-medium_large size-medium_large wp-image-2373\" alt=\"Traumgaragen\" title=\"\" srcset=\"https:\/\/bond-life.com\/wp-content\/uploads\/2024\/08\/traumgaragen-1-768x432.jpg 768w, https:\/\/bond-life.com\/wp-content\/uploads\/2024\/08\/traumgaragen-1-300x169.jpg 300w, https:\/\/bond-life.com\/wp-content\/uploads\/2024\/08\/traumgaragen-1-18x10.jpg 18w, https:\/\/bond-life.com\/wp-content\/uploads\/2024\/08\/traumgaragen-1.jpg 1200w\" sizes=\"(max-width: 768px) 100vw, 768px\" \/><\/div>\n\t\t<\/a>\n\t\t\t\t<div class=\"elementor-post__text\">\n\t\t\t\t<h2 class=\"elementor-post__title\">\n\t\t\t<a href=\"https:\/\/bond-life.com\/en\/traumgaragen\/\">\n\t\t\t\tUNIQUE Garages by BOND | Unique Homes \u00ae\t\t\t<\/a>\n\t\t<\/h2>\n\t\t\t\t<div class=\"elementor-post__excerpt\">\n\t\t\t<p>In the realm of living spaces, there is one place that is often overlooked but holds tremendous potential: the garage. As an offshoot of BOND | Unique Homes \u00ae, we at UNIQUE Garages have identified this potential and turned it into our mission. Our vision: to bring dream garages to life, capturing the hearts of...<\/p>\n\t\t<\/div>\n\t\t\t\t\t<div class=\"elementor-post__read-more-wrapper\">\n\t\t\n\t\t<a class=\"elementor-post__read-more\" href=\"https:\/\/bond-life.com\/en\/traumgaragen\/\" aria-label=\"Read more about Traumgaragen von BOND | Unique Homes \u00ae\" tabindex=\"-1\">\n\t\t\t...Read more\t\t<\/a>\n\n\t\t\t\t\t<\/div>\n\t\t\t\t<\/div>\n\t\t\t\t<\/article>\n\t\t\t\t<article class=\"elementor-post elementor-grid-item post-1746 post type-post status-publish format-standard has-post-thumbnail hentry category-artikel tag-alarmanlage tag-sicherheit tag-sicherheitssystem\" role=\"listitem\">\n\t\t\t\t<a class=\"elementor-post__thumbnail__link\" href=\"https:\/\/bond-life.com\/en\/smartes-sicherheitssystem-die-schutzmatrix\/\" tabindex=\"-1\">\n\t\t\t<div class=\"elementor-post__thumbnail\"><img loading=\"lazy\" decoding=\"async\" width=\"768\" height=\"432\" src=\"https:\/\/bond-life.com\/wp-content\/uploads\/2024\/08\/smartes-sicherheitssystem-2-768x432.jpg\" class=\"attachment-medium_large size-medium_large wp-image-2173\" alt=\"Smartes Sicherheitssystem\" title=\"\" srcset=\"https:\/\/bond-life.com\/wp-content\/uploads\/2024\/08\/smartes-sicherheitssystem-2-768x432.jpg 768w, https:\/\/bond-life.com\/wp-content\/uploads\/2024\/08\/smartes-sicherheitssystem-2-300x169.jpg 300w, https:\/\/bond-life.com\/wp-content\/uploads\/2024\/08\/smartes-sicherheitssystem-2-18x10.jpg 18w, https:\/\/bond-life.com\/wp-content\/uploads\/2024\/08\/smartes-sicherheitssystem-2.jpg 1200w\" sizes=\"(max-width: 768px) 100vw, 768px\" \/><\/div>\n\t\t<\/a>\n\t\t\t\t<div class=\"elementor-post__text\">\n\t\t\t\t<h2 class=\"elementor-post__title\">\n\t\t\t<a href=\"https:\/\/bond-life.com\/en\/smartes-sicherheitssystem-die-schutzmatrix\/\">\n\t\t\t\tSmart security system - the \"Schutzmatrix\"\t\t\t<\/a>\n\t\t<\/h2>\n\t\t\t\t<div class=\"elementor-post__excerpt\">\n\t\t\t<p>As specialists in modern home technology, we place the highest priority on security. While smart home technology and security systems are distinct fields, they can be integrated into a cohesive approach, offering highly effective security solutions for your home and ensuring optimal protection against intrusions. In this...<\/p>\n\t\t<\/div>\n\t\t\t\t\t<div class=\"elementor-post__read-more-wrapper\">\n\t\t\n\t\t<a class=\"elementor-post__read-more\" href=\"https:\/\/bond-life.com\/en\/smartes-sicherheitssystem-die-schutzmatrix\/\" aria-label=\"Read more about Smartes Sicherheitssystem &#8211; die Schutzmatrix\" tabindex=\"-1\">\n\t\t\t...Read more\t\t<\/a>\n\n\t\t\t\t\t<\/div>\n\t\t\t\t<\/div>\n\t\t\t\t<\/article>\n\t\t\t\t<article class=\"elementor-post elementor-grid-item post-1834 post type-post status-publish format-standard has-post-thumbnail hentry category-artikel\" role=\"listitem\">\n\t\t\t\t<a class=\"elementor-post__thumbnail__link\" href=\"https:\/\/bond-life.com\/en\/die-bond-fliege-nice-to-know\/\" tabindex=\"-1\">\n\t\t\t<div class=\"elementor-post__thumbnail\"><img loading=\"lazy\" decoding=\"async\" width=\"768\" height=\"432\" src=\"https:\/\/bond-life.com\/wp-content\/uploads\/2024\/08\/bond-fliege-768x432.jpg\" class=\"attachment-medium_large size-medium_large wp-image-1836\" alt=\"BOND Coffee Table\" title=\"\" srcset=\"https:\/\/bond-life.com\/wp-content\/uploads\/2024\/08\/bond-fliege-768x432.jpg 768w, https:\/\/bond-life.com\/wp-content\/uploads\/2024\/08\/bond-fliege-300x169.jpg 300w, https:\/\/bond-life.com\/wp-content\/uploads\/2024\/08\/bond-fliege-18x10.jpg 18w, https:\/\/bond-life.com\/wp-content\/uploads\/2024\/08\/bond-fliege-600x338.jpg 600w, https:\/\/bond-life.com\/wp-content\/uploads\/2024\/08\/bond-fliege.jpg 1200w\" sizes=\"(max-width: 768px) 100vw, 768px\" \/><\/div>\n\t\t<\/a>\n\t\t\t\t<div class=\"elementor-post__text\">\n\t\t\t\t<h2 class=\"elementor-post__title\">\n\t\t\t<a href=\"https:\/\/bond-life.com\/en\/die-bond-fliege-nice-to-know\/\">\n\t\t\t\tDie BOND Fliege &#8211; Wof\u00fcr wir stehen\t\t\t<\/a>\n\t\t<\/h2>\n\t\t\t\t<div class=\"elementor-post__excerpt\">\n\t\t\t<p>Wenn man genau hinschaut, entdeckt man in unserem Logo eine stilisierte Fliege. F\u00fcr die meisten nur ein modisches Accessoire. F\u00fcr uns eine Haltung. W\u00e4hrend andere \u00fcber Werte reden, leben wir sie. Jeden Tag. In jedem Projekt. In jeder Begegnung. In der heutigen Welt mag ein Gentleman nicht immer eine Fliege<\/p>\n\t\t<\/div>\n\t\t\t\t\t<div class=\"elementor-post__read-more-wrapper\">\n\t\t\n\t\t<a class=\"elementor-post__read-more\" href=\"https:\/\/bond-life.com\/en\/die-bond-fliege-nice-to-know\/\" aria-label=\"Read more about Die BOND Fliege &#8211; Wof\u00fcr wir stehen\" tabindex=\"-1\">\n\t\t\t...Read more\t\t<\/a>\n\n\t\t\t\t\t<\/div>\n\t\t\t\t<\/div>\n\t\t\t\t<\/article>\n\t\t\t\t<\/div>\n\t\t\n\t\t\t\t\t\t<\/div>\n\t\t\t\t<\/div>\n\t\t\t\t\t<\/div>\n\t\t<\/div>\n\t\t\t\t\t<\/div>\n\t\t<\/section>\n\t\t\t\t<\/div>","protected":false},"excerpt":{"rendered":"<p>Behind the Curtain BOND | Unique Homes \u00ae Blog Der BOND Blog \u2013 Ihre exklusive Quelle f\u00fcr Einblicke in das Wohnen von morgen. Entdecken Sie zukunftsweisende Trends, innovative L\u00f6sungen und inspirierende Ideen, die Ihr Wohnerlebnis auf ein neues Niveau heben.<\/p>","protected":false},"author":1,"featured_media":0,"parent":0,"menu_order":0,"comment_status":"closed","ping_status":"closed","template":"","meta":{"footnotes":""},"class_list":["post-1797","page","type-page","status-publish","hentry"],"_links":{"self":[{"href":"https:\/\/bond-life.com\/en\/wp-json\/wp\/v2\/pages\/1797","targetHints":{"allow":["GET"]}}],"collection":[{"href":"https:\/\/bond-life.com\/en\/wp-json\/wp\/v2\/pages"}],"about":[{"href":"https:\/\/bond-life.com\/en\/wp-json\/wp\/v2\/types\/page"}],"author":[{"embeddable":true,"href":"https:\/\/bond-life.com\/en\/wp-json\/wp\/v2\/users\/1"}],"replies":[{"embeddable":true,"href":"https:\/\/bond-life.com\/en\/wp-json\/wp\/v2\/comments?post=1797"}],"version-history":[{"count":58,"href":"https:\/\/bond-life.com\/en\/wp-json\/wp\/v2\/pages\/1797\/revisions"}],"predecessor-version":[{"id":3298,"href":"https:\/\/bond-life.com\/en\/wp-json\/wp\/v2\/pages\/1797\/revisions\/3298"}],"wp:attachment":[{"href":"https:\/\/bond-life.com\/en\/wp-json\/wp\/v2\/media?parent=1797"}],"curies":[{"name":"wp","href":"https:\/\/api.w.org\/{rel}","templated":true}]}}